{"id":951,"date":"2022-03-31T11:16:20","date_gmt":"2022-03-31T08:16:20","guid":{"rendered":"https:\/\/ibrahimzateri.com\/tr\/?page_id=951"},"modified":"2023-10-26T19:55:19","modified_gmt":"2023-10-26T16:55:19","slug":"akademik","status":"publish","type":"page","link":"https:\/\/ibrahimzateri.com\/tr\/akademik\/","title":{"rendered":"Akademik"},"content":{"rendered":"\n<p><strong>YAYINLAR<\/strong><\/p>\n\n\n\n<p>&#8230;&#8230;&#8230;&#8230;&#8230;&#8230;&#8230;&#8230;&#8230;&#8230;&#8230;&#8230;&#8230;&#8230;&#8230;&#8230;&#8230;&#8230;&#8230;&#8230;&#8230;&#8230;&#8230;&#8230;&#8230;&#8230;&#8230;&#8230;&#8230;&#8230;&#8230;&#8230;&#8230;&#8230;&#8230;&#8230;&#8230;&#8230;&#8230;&#8230;&#8230;&#8230;&#8230;&#8230;&#8230;&#8230;&#8230;&#8230;&#8230;&#8230;&#8230;&#8230;&#8230;&#8230;&#8230;&#8230;&#8230;&#8230;&#8230;&#8230;&#8230;&#8230;&#8230;&#8230;&#8230;&#8230;&#8230;&#8230;&#8230;&#8230;&#8230;&#8230;&#8230;&#8230;&#8230;&#8230;&#8230;&#8230;&#8230;&#8230;&#8230;&#8230;&#8230;&#8230;&#8230;&#8230;&#8230;&#8230;&#8230;&#8230;&#8230;&#8230;&#8230;&#8230;&#8230;<\/p>\n\n\n\n<p><strong>TEZ<\/strong>:<\/p>\n\n\n\n<p>Doktora (Ph.D.) <\/p>\n\n\n\n<p>Anadolu \u00dcniversitesi, Sosyal Bilimler Enstit\u00fcs\u00fc, Sinema ve Televizyon Anabilim Dal\u0131, 2023<\/p>\n\n\n\n<p>Tez Ba\u015fl\u0131\u011f\u0131: &#8220;<a rel=\"noreferrer noopener\" href=\"https:\/\/ibrahimzateri.com\/tr\/wp-content\/uploads\/2023\/10\/822231.pdf\" data-type=\"URL\" data-id=\"https:\/\/ibrahimzateri.com\/tr\/wp-content\/uploads\/2023\/10\/822231.pdf\" target=\"_blank\">Sinemada Travma: Onur \u00dcnl\u00fc Sinemas\u0131 \u00d6rne\u011fi<\/a>&#8220;<\/p>\n\n\n\n<p>Zateri, \u0130. (2023). Sinemada Travma: Onur \u00dcnl\u00fc Sinemas\u0131 \u00d6rne\u011fi. Doktora Tezi. Eski\u015fehir: Anadolu \u00dcniversitesi.<\/p>\n\n\n\n<p>&#8230;<\/p>\n\n\n\n<p>Y\u00fcksek Lisans (MA)<\/p>\n\n\n\n<p>Anadolu \u00dcniversitesi, Sosyal Bilimler Enstit\u00fcs\u00fc, Sinema ve Televizyon Anabilim Dal\u0131, 2019<\/p>\n\n\n\n<p>Tez Ba\u015fl\u0131\u011f\u0131: &#8220;<a rel=\"noreferrer noopener\" href=\"https:\/\/ibrahimzateri.com\/tr\/wp-content\/uploads\/2023\/10\/626444.pdf\" data-type=\"URL\" data-id=\"https:\/\/ibrahimzateri.com\/tr\/wp-content\/uploads\/2023\/10\/626444.pdf\" target=\"_blank\">T\u00fcrk Sinemas\u0131nda Aile \u0130\u00e7i \u0130leti\u015fim: Nuri Bilge Ceylan Sinemas\u0131 \u00d6rne\u011fi<\/a>&#8220;<\/p>\n\n\n\n<p>Zateri, \u0130. (2019). T\u00fcrk Sinemas\u0131nda Aile \u0130\u00e7i \u0130leti\u015fim: Nuri Bilge Ceylan Sinemas\u0131 \u00d6rne\u011fi. Y\u00fcksek Lisans Tezi. Eski\u015fehir: Anadolu \u00dcniversitesi.<\/p>\n\n\n\n<p>&#8230;&#8230;&#8230;&#8230;&#8230;&#8230;&#8230;&#8230;&#8230;&#8230;&#8230;&#8230;&#8230;&#8230;&#8230;&#8230;&#8230;&#8230;&#8230;&#8230;&#8230;&#8230;&#8230;&#8230;&#8230;&#8230;&#8230;&#8230;&#8230;&#8230;&#8230;&#8230;&#8230;&#8230;&#8230;&#8230;&#8230;&#8230;&#8230;&#8230;&#8230;&#8230;&#8230;&#8230;&#8230;&#8230;&#8230;&#8230;&#8230;&#8230;&#8230;&#8230;&#8230;&#8230;&#8230;&#8230;&#8230;&#8230;&#8230;&#8230;&#8230;&#8230;&#8230;&#8230;&#8230;&#8230;&#8230;&#8230;&#8230;&#8230;&#8230;&#8230;&#8230;&#8230;&#8230;&#8230;&#8230;&#8230;&#8230;&#8230;&#8230;&#8230;&#8230;&#8230;&#8230;&#8230;&#8230;&#8230;&#8230;&#8230;&#8230;&#8230;&#8230;&#8230;&#8230;<\/p>\n\n\n\n<p><strong>Ara\u015ft\u0131rma \/ <strong>Dergi<\/strong> Makalesi:<\/strong><\/p>\n\n\n\n<p>&#8211; <a href=\"https:\/\/ibrahimzateri.com\/tr\/wp-content\/uploads\/2023\/10\/Elpeze-Ergec\u0327-N.-Zateri-I\u0307.-2020.-Toplumsal-Cinsiyet-Ve-Sosyal-Ag\u0306larin-S\u0327iddeti-C\u0327og\u0306altan-Etkisi.pdf\" data-type=\"URL\" data-id=\"https:\/\/ibrahimzateri.com\/tr\/wp-content\/uploads\/2023\/10\/Elpeze-Ergec\u0327-N.-Zateri-I\u0307.-2020.-Toplumsal-Cinsiyet-Ve-Sosyal-Ag\u0306larin-S\u0327iddeti-C\u0327og\u0306altan-Etkisi.pdf\" target=\"_blank\" rel=\"noreferrer noopener\">Toplumsal Cinsiyet ve Sosyal A\u011flar\u0131n \u015eiddeti \u00c7o\u011faltan Etkisi \/ Gender And The Increasing Impact Of Violence With Social Networks<\/a><\/p>\n\n\n\n<p>Elpeze Erge\u00e7, N. &amp; Zateri, \u0130. (2020). Toplumsal Cinsiyet Ve Sosyal A\u011flar\u0131n \u015eiddeti \u00c7o\u011faltan Etkisi. \u00c7ukurova \u00dcniversitesi Sosyal Bilimler Enstit\u00fcs\u00fc Dergisi, 29 (1), 102-117. DOI: 10.35379\/cusosbil.570035.<\/p>\n\n\n\n<p>&#8211; <a href=\"https:\/\/ibrahimzateri.com\/tr\/wp-content\/uploads\/2023\/10\/Ergec\u0327-N.-E.-Zateri-I\u0307.-2017.-C\u0327evrimic\u0327i-Okur-Yorumlarinin-Yarattig\u0306i-Alanin-Kamusal-I\u0307letis\u0327im-Alani-Olarak-I\u0307ncelenmesi.pdf\" data-type=\"URL\" data-id=\"https:\/\/ibrahimzateri.com\/tr\/wp-content\/uploads\/2023\/10\/Ergec\u0327-N.-E.-Zateri-I\u0307.-2017.-C\u0327evrimic\u0327i-Okur-Yorumlarinin-Yarattig\u0306i-Alanin-Kamusal-I\u0307letis\u0327im-Alani-Olarak-I\u0307ncelenmesi.pdf\" target=\"_blank\" rel=\"noreferrer noopener\">\u00c7evrimi\u00e7i Okur Yorumlar\u0131n\u0131n Yaratt\u0131\u011f\u0131 Alan\u0131n Kamusal\/\u0130leti\u015fim Alan\u0131 Olarak \u0130ncelenmesi \/ Online Reader Comments In Public Space\/Communication Field To Be Examined<\/a><\/p>\n\n\n\n<p>Erge\u00e7, N. E. &amp; Zateri, \u0130. (2017). \u00c7evrimi\u00e7i Okur Yorumlar\u0131n\u0131n Yaratt\u0131\u011f\u0131 Alan\u0131n Kamusal\/\u0130leti\u015fim Alan\u0131 Olarak \u0130ncelenmesi. \u00d6neri Dergisi, 12 (48), 269-289. DOI: 10.14783\/maruoneri.vi.331675.<\/p>\n\n\n\n<p>&#8230;&#8230;&#8230;&#8230;&#8230;&#8230;&#8230;&#8230;&#8230;&#8230;&#8230;&#8230;&#8230;&#8230;&#8230;&#8230;&#8230;&#8230;&#8230;&#8230;&#8230;&#8230;&#8230;&#8230;&#8230;&#8230;&#8230;&#8230;&#8230;&#8230;&#8230;&#8230;&#8230;&#8230;&#8230;&#8230;&#8230;&#8230;&#8230;&#8230;&#8230;&#8230;&#8230;&#8230;&#8230;&#8230;&#8230;&#8230;&#8230;&#8230;&#8230;&#8230;&#8230;&#8230;&#8230;&#8230;&#8230;&#8230;&#8230;&#8230;&#8230;&#8230;&#8230;&#8230;&#8230;&#8230;&#8230;&#8230;&#8230;&#8230;&#8230;&#8230;&#8230;&#8230;&#8230;&#8230;&#8230;&#8230;&#8230;&#8230;&#8230;&#8230;&#8230;&#8230;&#8230;&#8230;&#8230;&#8230;&#8230;&#8230;&#8230;&#8230;&#8230;&#8230;&#8230;<\/p>\n\n\n\n<p><strong>Konferans \/ Kongre Sunumu:<\/strong><\/p>\n\n\n\n<p>&#8211; <a href=\"https:\/\/ibrahimzateri.com\/tr\/wp-content\/uploads\/2023\/10\/Zateri-I\u0307.-2021.-Sinemada-Distopya-ve-Gocmenlik-Iliskisi-Daha-Saylak-2017-Filmi-Uzerine-Bir-Inceleme.pdf\" data-type=\"URL\" data-id=\"https:\/\/ibrahimzateri.com\/tr\/wp-content\/uploads\/2023\/10\/Zateri-I\u0307.-2021.-Sinemada-Distopya-ve-Gocmenlik-Iliskisi-Daha-Saylak-2017-Filmi-Uzerine-Bir-Inceleme.pdf\" target=\"_blank\" rel=\"noreferrer noopener\">Sinemada Distopya ve G\u00f6\u00e7menlik \u0130li\u015fkisi: \u201cDaha\u201d (Saylak, 2017) Filmi \u00dczerine Bir \u0130nceleme \/ The Relationship Of Dystopia And Migration In Cinema: An Examination About The Film \u201cDaha\u201d (Saylak, 2017)<\/a><\/p>\n\n\n\n<p>Zateri, \u0130. (2021). Sinemada Distopya ve G\u00f6\u00e7menlik \u0130li\u015fkisi: \u201cDaha\u201d (Saylak, 2017) Filmi \u00dczerine Bir \u0130nceleme. 3. Uluslararas\u0131 Sinema ve Gen\u00e7lik Kongresi, Eski\u015fehir, T\u00fcrkiye. 11-12 Kas\u0131m, 2021, s. ..-.. ISBN: &#8230;. Eski\u015fehir: Anadolu \u00dcniversitesi.<\/p>\n\n\n\n<p>&#8211; <a href=\"https:\/\/ibrahimzateri.com\/tr\/wp-content\/uploads\/2023\/10\/Su\u0308mbu\u0308l-M.-O\u0308zker-O\u0308.-D.-Zateri-I\u0307.-2019-Etnografik-Veri-I\u0307c\u0327eren-Filmlerde-I\u0307c\u0327erik-Analizi.pdf\" data-type=\"URL\" data-id=\"https:\/\/ibrahimzateri.com\/tr\/wp-content\/uploads\/2023\/10\/Su\u0308mbu\u0308l-M.-O\u0308zker-O\u0308.-D.-Zateri-I\u0307.-2019-Etnografik-Veri-I\u0307c\u0327eren-Filmlerde-I\u0307c\u0327erik-Analizi.pdf\" target=\"_blank\" rel=\"noreferrer noopener\">Etnografik Veri \u0130\u00e7eren Filmlerde \u0130\u00e7erik Analizi: Sand\u0131ktan \u00c7\u0131kan K\u00fclt\u00fcr \/ A Content Analysis Of The Films Containing Ethnographic Data: The Culture That Coming Out Of The Coffer<\/a><\/p>\n\n\n\n<p>S\u00fcmb\u00fcl, M., \u00d6zker, \u00d6. D., Zateri, \u0130. (2019). Etnografik Veri \u0130\u00e7eren Filmlerde \u0130\u00e7erik Analizi: Sand\u0131ktan \u00c7\u0131kan K\u00fclt\u00fcr. Uluslararas\u0131 Sinema ve Gen\u00e7lik Kongresi, Eski\u015fehir, T\u00fcrkiye. 6-8 Mart, 2019, s. 131-132. ISBN: 978-975-06-4145-9. Eski\u015fehir: Anadolu \u00dcniversitesi.<\/p>\n\n\n\n<p>&#8211; <a href=\"https:\/\/ibrahimzateri.com\/tr\/wp-content\/uploads\/2023\/10\/Elpeze-Ergec\u0327-N.-Zateri-I\u0307.-2018.-Televizyon-Dizilerinin-S\u0327iddet-Kategorisi-Bag\u0306laminda-I\u0307ncelenmesi.pdf\" data-type=\"URL\" data-id=\"https:\/\/ibrahimzateri.com\/tr\/wp-content\/uploads\/2023\/10\/Elpeze-Ergec\u0327-N.-Zateri-I\u0307.-2018.-Televizyon-Dizilerinin-S\u0327iddet-Kategorisi-Bag\u0306laminda-I\u0307ncelenmesi.pdf\" target=\"_blank\" rel=\"noreferrer noopener\">Televizyon Dizilerinin \u015eiddet Kategorisi Ba\u011flam\u0131nda \u0130ncelenmesi \/ Investigation Of Television Series Within The Context Of Violence Category<\/a><\/p>\n\n\n\n<p>Elpeze Erge\u00e7, N. &amp; Zateri, \u0130. (2018). Televizyon Dizilerinin \u015eiddet Kategorisi Ba\u011flam\u0131nda \u0130ncelenmesi. 16. International Symposium Communication in the Millennium, Eski\u015fehir, T\u00fcrkiye. 25-28 Nisan, 2018, s.786-787. ISBN: 978-605-83703-5-7. University of Texas at Austin, U.S.A., Anadolu University, Turkey, Istanbul University, Turkey. The Association of Turkish and American Scholars (ATACS). A. F. Paksoy, C.C. Cingi, S. S. Durul (Ed.).<\/p>\n\n\n\n<p>&#8211; <a href=\"https:\/\/ibrahimzateri.com\/tr\/wp-content\/uploads\/2023\/10\/Elpeze-Ergec\u0327-N.-Zateri-I\u0307.-2017.-Online-Reader-Comments-In-Public-Space_Communication-Field-To-Be-Examined.pdf\" data-type=\"URL\" data-id=\"https:\/\/ibrahimzateri.com\/tr\/wp-content\/uploads\/2023\/10\/Elpeze-Ergec\u0327-N.-Zateri-I\u0307.-2017.-Online-Reader-Comments-In-Public-Space_Communication-Field-To-Be-Examined.pdf\" target=\"_blank\" rel=\"noreferrer noopener\">Online Reader Comments In Public Space\/Communication Field To Be Examined<\/a><\/p>\n\n\n\n<p>Elpeze Erge\u00e7, N. &amp; Zateri, \u0130. (2017). Online Reader Comments In Public Space\/Communication Field To Be Examined. 12. European Conference on Social and Behavioral Sciences, Catania-Sicily, Italy. Jan. 25-28, 2017, pp.169. ISBN: 978-605-67057-3-1. Canakkale, Turkey: International Association of Social Science Research (IASSR). H. Arslan, M.A. \u0130\u00e7bay, M. Uluta\u015f (Eds.).<\/p>\n\n\n\n<p>&#8211; <a href=\"https:\/\/ibrahimzateri.com\/tr\/wp-content\/uploads\/2023\/10\/Elpeze-Ergec\u0327-N.-Zateri-I\u0307.-2017.-Social-Media-As-A-Resource-For-Violence.pdf\" data-type=\"URL\" data-id=\"https:\/\/ibrahimzateri.com\/tr\/wp-content\/uploads\/2023\/10\/Elpeze-Ergec\u0327-N.-Zateri-I\u0307.-2017.-Social-Media-As-A-Resource-For-Violence.pdf\" target=\"_blank\" rel=\"noreferrer noopener\">Social Media as a Resource for Violence<\/a><\/p>\n\n\n\n<p>Elpeze Erge\u00e7, N. &amp; Zateri, \u0130. (2017). Social Media As A Resource For Violence. 12. European Conference on Social and Behavioral Sciences, Catania-Sicily, Italy. Jan. 25-28, 2017, pp.154. ISBN: 978-605-67057-3-1. Canakkale, Turkey: International Association of Social Science Research (IASSR). H. Arslan, M.A. \u0130\u00e7bay, M. Uluta\u015f (Eds.).<\/p>\n\n\n\n<p>&#8211; <a href=\"https:\/\/ibrahimzateri.com\/tr\/wp-content\/uploads\/2023\/10\/Elpeze-Ergec\u0327-N.-Zateri-I\u0307.-2015.-Kamu-Spotu-O\u0308rnekleminde-Medyada-Kadina-S\u0327iddetin-Alimlanmasi.pdf\" data-type=\"URL\" data-id=\"https:\/\/ibrahimzateri.com\/tr\/wp-content\/uploads\/2023\/10\/Elpeze-Ergec\u0327-N.-Zateri-I\u0307.-2015.-Kamu-Spotu-O\u0308rnekleminde-Medyada-Kadina-S\u0327iddetin-Alimlanmasi.pdf\" target=\"_blank\" rel=\"noreferrer noopener\">Kamu Spotu \u00d6rnekleminde Medyada Kad\u0131na \u015eiddetin Al\u0131mlanmas\u0131 \/ Reception of Violence against Woman on the Sample of Public Service Announcements<\/a><\/p>\n\n\n\n<p>Elpeze Erge\u00e7, N. &amp; Zateri, \u0130. (2015). Kamu Spotu \u00d6rnekleminde Medyada Kad\u0131na \u015eiddetin Al\u0131mlanmas\u0131. 1. Uluslararas\u0131 \u00c7ukurova Kad\u0131n \u00c7al\u0131\u015fmalar\u0131 Kongresi, Adana, T\u00fcrkiye. 9-11 Nisan, 2015, s. 381-387. ISBN: 978-975-487-207-1. Adana: \u00c7ukurova \u00dcniversitesi Bas\u0131mevi. G. A\u011fr\u0131da\u011f (Ed.).<\/p>\n\n\n\n<p>&#8230;&#8230;&#8230;&#8230;&#8230;&#8230;&#8230;&#8230;&#8230;&#8230;&#8230;&#8230;&#8230;&#8230;&#8230;&#8230;&#8230;&#8230;&#8230;&#8230;&#8230;&#8230;&#8230;&#8230;&#8230;&#8230;&#8230;&#8230;&#8230;&#8230;&#8230;&#8230;&#8230;&#8230;&#8230;&#8230;&#8230;&#8230;&#8230;&#8230;&#8230;&#8230;&#8230;&#8230;&#8230;&#8230;&#8230;&#8230;&#8230;&#8230;&#8230;&#8230;&#8230;&#8230;&#8230;&#8230;&#8230;&#8230;&#8230;&#8230;&#8230;&#8230;&#8230;&#8230;&#8230;&#8230;&#8230;&#8230;&#8230;&#8230;&#8230;&#8230;&#8230;&#8230;&#8230;&#8230;&#8230;&#8230;&#8230;&#8230;&#8230;&#8230;&#8230;&#8230;&#8230;&#8230;&#8230;&#8230;&#8230;&#8230;&#8230;&#8230;&#8230;&#8230;&#8230;<\/p>\n","protected":false},"excerpt":{"rendered":"<p>YAYINLAR &#8230;&#8230;&#8230;&#8230;&#8230;&#8230;&#8230;&#8230;&#8230;&#8230;&#8230;&#8230;&#8230;&#8230;&#8230;&#8230;&#8230;&#8230;&#8230;&#8230;&#8230;&#8230;&#8230;&#8230;&#8230;&#8230;&#8230;&#8230;&#8230;&#8230;&#8230;&#8230;&#8230;&#8230;&#8230;&#8230;&#8230;&#8230;&#8230;&#8230;&#8230;&#8230;&#8230;&#8230;&#8230;&#8230;&#8230;&#8230;&#8230;&#8230;&#8230;&#8230;&#8230;&#8230;&#8230;&#8230;&#8230;&#8230;&#8230;&#8230;&#8230;&#8230;&#8230;&#8230;&#8230;&#8230;&#8230;&#8230;&#8230;&#8230;&#8230;&#8230;&#8230;&#8230;&#8230;&#8230;&#8230;&#8230;&#8230;&#8230;&#8230;&#8230;&#8230;&#8230;&#8230;&#8230;&#8230;&#8230;&#8230;&#8230;&#8230;&#8230;&#8230;&#8230;&#8230; TEZ: Doktora (Ph.D.) Anadolu \u00dcniversitesi, Sosyal Bilimler Enstit\u00fcs\u00fc, Sinema ve Televizyon Anabilim Dal\u0131, 2023 Tez Ba\u015fl\u0131\u011f\u0131: &#8220;Sinemada Travma: Onur \u00dcnl\u00fc Sinemas\u0131 \u00d6rne\u011fi&#8220; Zateri, \u0130. (2023). Sinemada Travma: Onur \u00dcnl\u00fc Sinemas\u0131 \u00d6rne\u011fi. Doktora Tezi. Eski\u015fehir: Anadolu \u00dcniversitesi. &#8230; Y\u00fcksek Lisans (MA) Anadolu \u00dcniversitesi, Sosyal Bilimler Enstit\u00fcs\u00fc, Sinema ve Televizyon Anabilim Dal\u0131, 2019 Tez Ba\u015fl\u0131\u011f\u0131: [&hellip;]<\/p>\n","protected":false},"author":1,"featured_media":0,"parent":0,"menu_order":0,"comment_status":"closed","ping_status":"closed","template":"","meta":[],"_links":{"self":[{"href":"https:\/\/ibrahimzateri.com\/tr\/wp-json\/wp\/v2\/pages\/951"}],"collection":[{"href":"https:\/\/ibrahimzateri.com\/tr\/wp-json\/wp\/v2\/pages"}],"about":[{"href":"https:\/\/ibrahimzateri.com\/tr\/wp-json\/wp\/v2\/types\/page"}],"author":[{"embeddable":true,"href":"https:\/\/ibrahimzateri.com\/tr\/wp-json\/wp\/v2\/users\/1"}],"replies":[{"embeddable":true,"href":"https:\/\/ibrahimzateri.com\/tr\/wp-json\/wp\/v2\/comments?post=951"}],"version-history":[{"count":21,"href":"https:\/\/ibrahimzateri.com\/tr\/wp-json\/wp\/v2\/pages\/951\/revisions"}],"predecessor-version":[{"id":1061,"href":"https:\/\/ibrahimzateri.com\/tr\/wp-json\/wp\/v2\/pages\/951\/revisions\/1061"}],"wp:attachment":[{"href":"https:\/\/ibrahimzateri.com\/tr\/wp-json\/wp\/v2\/media?parent=951"}],"curies":[{"name":"wp","href":"https:\/\/api.w.org\/{rel}","templated":true}]}}