{"id":841,"date":"2013-06-05T11:55:01","date_gmt":"2013-06-05T08:55:01","guid":{"rendered":"http:\/\/ibrahimzateri.com\/tr\/?page_id=841"},"modified":"2023-10-27T15:53:26","modified_gmt":"2023-10-27T12:53:26","slug":"sans-keki","status":"publish","type":"page","link":"https:\/\/ibrahimzateri.com\/tr\/filmler\/sans-keki\/","title":{"rendered":"\u015eans Kurabiyesi"},"content":{"rendered":"<iframe loading=\"lazy\" src=\"http:\/\/player.vimeo.com\/video\/65075829\" height=\"350\" width=\"700\" allowfullscreen=\"\" frameborder=\"0\"><\/iframe>\n<img loading=\"lazy\" class=\"alignleft  wp-image-842\" alt=\"\u015eans keki (Gl\u00fcck Keks) - Poster\" src=\"http:\/\/ibrahimzateri.com\/tr\/wp-content\/uploads\/2013\/06\/4Fortune-cookie.jpg\" width=\"346\" height=\"491\">\n\n\n01\u2019:07\u201d\n\n2010\n\n\u015eans keki hakk\u0131nda olu\u015fturulan bir projenin b\u00f6l\u00fcm\u00fcd\u00fcr.\n\n<strong>Yap\u0131m Ekibi<\/strong>\n\n\u0130brahim Zateri\n\nKoray Kenir\n\nHeiko Winter\n\nFelix Karges\n\nRon Zander\n\n<strong>Te\u015fekk\u00fcrler<\/strong>\n\nCarlos GONZALO MONTANO\n\nRoland BLUM\n\nJohann GRAF\n\n\n\nHochschule RheinMain\n\nUniversity of Applied Sciences\n\nWiesbaden R\u00fcsselsheim Geisenheim\n\n\u00a9 2010\n<h3><em><strong>Kamera arkas\u0131; Foto\u011fraflar <\/strong><\/em><\/h3>\n<div id=\"royalslider-7\" class=\"royalSlider minimal\" style=\"width:700px; height:400px;\"><ul class=\"royalSlidesContainer\"><li class=\"royalSlide\" data-src=\"http:\/\/ibrahimzateri.com\/tr\/wp-content\/uploads\/2013\/06\/12.jpg\" data-thumb=\"http:\/\/ibrahimzateri.com\/tr\/wp-content\/plugins\/royalslider\/timthumb\/timthumb.php?src=http:\/\/ibrahimzateri.com\/tr\/wp-content\/uploads\/2013\/06\/12.jpg&amp;w=150&amp;h=150&amp;q=100\"><\/li><li class=\"royalSlide\" data-src=\"http:\/\/ibrahimzateri.com\/tr\/wp-content\/uploads\/2013\/06\/22.png\" data-thumb=\"http:\/\/ibrahimzateri.com\/tr\/wp-content\/plugins\/royalslider\/timthumb\/timthumb.php?src=http:\/\/ibrahimzateri.com\/tr\/wp-content\/uploads\/2013\/06\/22.png&amp;w=150&amp;h=150&amp;q=100\"><\/li><li class=\"royalSlide\" data-src=\"http:\/\/ibrahimzateri.com\/tr\/wp-content\/uploads\/2013\/06\/33.png\" data-thumb=\"http:\/\/ibrahimzateri.com\/tr\/wp-content\/plugins\/royalslider\/timthumb\/timthumb.php?src=http:\/\/ibrahimzateri.com\/tr\/wp-content\/uploads\/2013\/06\/33.png&amp;w=150&amp;h=150&amp;q=100\"><\/li><li class=\"royalSlide\" data-src=\"http:\/\/ibrahimzateri.com\/tr\/wp-content\/uploads\/2013\/06\/44.png\" data-thumb=\"http:\/\/ibrahimzateri.com\/tr\/wp-content\/plugins\/royalslider\/timthumb\/timthumb.php?src=http:\/\/ibrahimzateri.com\/tr\/wp-content\/uploads\/2013\/06\/44.png&amp;w=150&amp;h=150&amp;q=100\"><\/li><li class=\"royalSlide\" data-src=\"http:\/\/ibrahimzateri.com\/tr\/wp-content\/uploads\/2013\/06\/55.png\" data-thumb=\"http:\/\/ibrahimzateri.com\/tr\/wp-content\/plugins\/royalslider\/timthumb\/timthumb.php?src=http:\/\/ibrahimzateri.com\/tr\/wp-content\/uploads\/2013\/06\/55.png&amp;w=150&amp;h=150&amp;q=100\"><\/li><li class=\"royalSlide\" data-src=\"http:\/\/ibrahimzateri.com\/tr\/wp-content\/uploads\/2013\/06\/66.png\" data-thumb=\"http:\/\/ibrahimzateri.com\/tr\/wp-content\/plugins\/royalslider\/timthumb\/timthumb.php?src=http:\/\/ibrahimzateri.com\/tr\/wp-content\/uploads\/2013\/06\/66.png&amp;w=150&amp;h=150&amp;q=100\"><\/li><li class=\"royalSlide\" data-src=\"http:\/\/ibrahimzateri.com\/tr\/wp-content\/uploads\/2013\/06\/77.png\" data-thumb=\"http:\/\/ibrahimzateri.com\/tr\/wp-content\/plugins\/royalslider\/timthumb\/timthumb.php?src=http:\/\/ibrahimzateri.com\/tr\/wp-content\/uploads\/2013\/06\/77.png&amp;w=150&amp;h=150&amp;q=100\"><\/li><li class=\"royalSlide\" data-src=\"http:\/\/ibrahimzateri.com\/tr\/wp-content\/uploads\/2013\/06\/88.png\" data-thumb=\"http:\/\/ibrahimzateri.com\/tr\/wp-content\/plugins\/royalslider\/timthumb\/timthumb.php?src=http:\/\/ibrahimzateri.com\/tr\/wp-content\/uploads\/2013\/06\/88.png&amp;w=150&amp;h=150&amp;q=100\"><\/li><\/ul><\/div><script type=\"text\/javascript\">jQuery(document).ready(function() {jQuery(\"#royalslider-7\").royalSlider({\"width\":700,\"height\":400,\"skin\":\"minimal\",\"preloadSkin\":false,\"lazyLoading\":true,\"preloadNearbyImages\":true,\"slideshowEnabled\":false,\"slideshowDelay\":5000,\"slideshowPauseOnHover\":true,\"slideshowAutoStart\":true,\"keyboardNavEnabled\":false,\"dragUsingMouse\":true,\"slideSpacing\":0,\"startSlideIndex\":0,\"imageAlignCenter\":false,\"imageScaleMode\":\"fill\",\"slideTransitionType\":\"move\",\"slideTransitionSpeed\":400,\"slideTransitionEasing\":\"easeInOutSine\",\"directionNavEnabled\":true,\"directionNavAutoHide\":false,\"hideArrowOnLastSlide\":true,\"controlNavigationType\":\"thumbnails\",\"auto-generate-images\":false,\"auto-generate-thumbs\":true,\"thumb-width\":150,\"thumb-height\":150,\"captionAnimationEnabled\":true,\"captionShowFadeEffect\":true,\"captionShowMoveEffect\":\"movetop\",\"captionMoveOffset\":20,\"captionShowSpeed\":400,\"captionShowEasing\":\"easeInOutSine\",\"captionShowDelay\":200,\"controlNavEnabled\":true,\"controlNavThumbs\":true,\"controlNavThumbsNavigation\":true,\"captionShowEffects\":[\"fade\",\"movetop\"]});});<\/script>","protected":false},"excerpt":{"rendered":"<p>01\u2019:07\u201d 2010 \u015eans keki hakk\u0131nda olu\u015fturulan bir projenin b\u00f6l\u00fcm\u00fcd\u00fcr. Yap\u0131m Ekibi \u0130brahim Zateri Koray Kenir Heiko Winter Felix Karges Ron Zander Te\u015fekk\u00fcrler Carlos GONZALO MONTANO Roland BLUM Johann GRAF Hochschule RheinMain University of Applied Sciences Wiesbaden R\u00fcsselsheim Geisenheim \u00a9 2010 Kamera arkas\u0131; Foto\u011fraflar<\/p>\n","protected":false},"author":1,"featured_media":0,"parent":29,"menu_order":-5,"comment_status":"closed","ping_status":"closed","template":"","meta":[],"_links":{"self":[{"href":"https:\/\/ibrahimzateri.com\/tr\/wp-json\/wp\/v2\/pages\/841"}],"collection":[{"href":"https:\/\/ibrahimzateri.com\/tr\/wp-json\/wp\/v2\/pages"}],"about":[{"href":"https:\/\/ibrahimzateri.com\/tr\/wp-json\/wp\/v2\/types\/page"}],"author":[{"embeddable":true,"href":"https:\/\/ibrahimzateri.com\/tr\/wp-json\/wp\/v2\/users\/1"}],"replies":[{"embeddable":true,"href":"https:\/\/ibrahimzateri.com\/tr\/wp-json\/wp\/v2\/comments?post=841"}],"version-history":[{"count":10,"href":"https:\/\/ibrahimzateri.com\/tr\/wp-json\/wp\/v2\/pages\/841\/revisions"}],"predecessor-version":[{"id":1074,"href":"https:\/\/ibrahimzateri.com\/tr\/wp-json\/wp\/v2\/pages\/841\/revisions\/1074"}],"up":[{"embeddable":true,"href":"https:\/\/ibrahimzateri.com\/tr\/wp-json\/wp\/v2\/pages\/29"}],"wp:attachment":[{"href":"https:\/\/ibrahimzateri.com\/tr\/wp-json\/wp\/v2\/media?parent=841"}],"curies":[{"name":"wp","href":"https:\/\/api.w.org\/{rel}","templated":true}]}}