{"id":828,"date":"2013-06-05T11:48:52","date_gmt":"2013-06-05T08:48:52","guid":{"rendered":"http:\/\/ibrahimzateri.com\/tr\/?page_id=828"},"modified":"2023-10-27T15:52:54","modified_gmt":"2023-10-27T12:52:54","slug":"hey-du","status":"publish","type":"page","link":"https:\/\/ibrahimzateri.com\/tr\/filmler\/hey-du\/","title":{"rendered":"Hey Du"},"content":{"rendered":"<iframe loading=\"lazy\" src=\"http:\/\/player.vimeo.com\/video\/44228357\" height=\"300\" width=\"700\" allowfullscreen=\"\" frameborder=\"0\"><\/iframe><img loading=\"lazy\" class=\"alignleft  wp-image-829\" alt=\"Hey Du - Poster\" src=\"http:\/\/ibrahimzateri.com\/tr\/wp-content\/uploads\/2013\/06\/Hey-Du-Poster-724x1024.jpg\" width=\"347\" height=\"491\" srcset=\"https:\/\/ibrahimzateri.com\/tr\/wp-content\/uploads\/2013\/06\/Hey-Du-Poster-724x1024.jpg 724w, https:\/\/ibrahimzateri.com\/tr\/wp-content\/uploads\/2013\/06\/Hey-Du-Poster-212x300.jpg 212w\" sizes=\"(max-width: 347px) 100vw, 347px\" \/>\n\n05\u2019:28\u201d\n\n2010\n\nM\u00fczik Video\n\nGrup \u00e7al\u0131\u015fmas\u0131\n\n\n\nSinopsis:\n\nWalter Pucher, Avusturyal\u0131 bir sanat\u00e7\u0131d\u0131r.\n\n\u00c7ekimler, Viyana-Avusturya ve Wiesbaden-Almanya &#8216;daki RheinMain \u00dcniversitesi&#8217;nin Media Management st\u00fcdyosunda ger\u00e7ekle\u015ftirildi.\n\nCredits\n\n\n\nSinger:Walter Pucher  Text\/Music:Walter Pucher  Guitar:Walter Pucher  Bassguitar:Ediz Saran  Backvocals:Walter Pucher\n\n\n<strong>Carshoot<\/strong>\n\nDirector:Janina \u00d6hrig  Camera:Ediz Saran  Editing:Janina \u00d6hrig\/Julia Noack  Floormanager:Patrick Braun  Script\/Continuity:Sandra Pfeiffer  Sound\/Helping Hand:Tina Stroschein  MakeUp\/Helping Hand:Franziska Bauch\n\n<strong>Fast Motion Skyline<\/strong>\n\nCamera:Ibrahim Zateri  Helping Hand:Ediz Saran\n\n<strong>Bridge\/Skyline<\/strong>\n\nDirectors\/Camermen:Ege T\u00fcl\/Patrick Braun  Editing:Ege T\u00fcl\/Patrick Braun  Floormanager:Sandra Pfeiffer  Script\/Continuity:Tina Stroschein  MakeUp\/Helping Hand:Daniel Binder  Helping Hand:Ediz Saran\n\n<strong>Walkthrough<\/strong>\n\nDirector\/Cameramen:Ege T\u00fcl\/Patrick Braun  Editing:Ege T\u00fcl\/Patrick Braun\n1. Camera:Ege T\u00fcl\/Patrick Braun  2. Camera:Julia Noack\nFloormanager:Franziska Bauch  Script\/Continuity:Miriam Pfeiffer\/Saskia Egger  Permissions\/Helping Hand:Janina \u00d6hrig  Make Up\/Helping Hand:Daniel Binder\n\n<strong>Studio<\/strong>\n\nDirectors:Saskia Egger\/Miriam Pfeiffer  Cameras:Julia Noack\/Ediz Saran\/Ibrahim Zateri\/Patrick Braun  Editing:Miriam Pfeiffer\/Saskia Egger  After Effects\t:Miriam Pfeiffer\/Saskia Egger\/Tina Stroschein\/Sandra Pfeiffer  Floor Managers:Sandra Pfeiffer\/Tina Stroschein  Script\/Continuity:Patrick Braun  MakeUp:Miriam Pfeiffer\/Daniel Binder  Catering:Janina \u00d6hrig\/Franziska Bauch\/Julia Noack\/Daniel Binder  MAZ-Operator:Ege T\u00fcl  Videomixer:Janina \u00d6hrig  CCU-Operator:Miriam Pfeiffer  Personal Assistant to Walter:Daniel Binder\n\n<strong>Fast Motion Daytime<\/strong>\n\nDirector:Julia Noack  Camera:Ege T\u00fcl  Editing:Julia Noack\/Janina \u00d6hrig  Helping Hand:Ibrahim Zateri  Script Continuity:Ibrahim Zateri\n\nSubway\n\nDirectors\/Cameramen:Patrick Braun\/Ege T\u00fcl  Editing:Patrick Braun\/Ege T\u00fcl  Floor Manager:Sandra Pfeiffer  Script\/Continuity:Tina Stroschein  Permissions\/Helping Hand:Janina \u00d6hrig  Helping Hand:Ediz Saran  MakeUp\/Helping Hand:Daniel Binder\n\n<strong>Fast Motion Night time<\/strong>\n\nDirector:Julia Noack  Camera:Daniel Binder  Editing:Julia Noack\/Janina \u00d6hrig  Floor Manager:Miriam Pfeiffer  Helping Hand:Saskia Egger\n\n<strong>Donautower<\/strong>\n\nDirector:Patrick Braun  Camera:Patrick Braun\/Ege T\u00fcl  Editing:Julia Noack\/Janina \u00d6hrig  Floor Manager:Tina Stroschein  Helping Hand:Sandra Pfeiffer\/Ediz Saran\n\nConcert\n\nDirector:Ediz Saran  1.Camera:Patrick Braun  2.Camera:Ibrahim Zateri  Ligthing:Ege T\u00fcl\/Daniel Binder  Editing:Ediz Saran\/Ibrahim Zateri  Floor Manager:Saskia Egger  Script\/Continuity:Julia Noack\/Janina \u00d6hrig  Permissions:Tina Stroschein\/Sandra Pfeiffer  Make Up:Miriam Pfeiffer  Helping Hand\/Playback:Franziska Bauch\/Daniel Binder\n\n<strong>Prater Alley<\/strong>\n\nDirector:Ediz Saran  Camera:Daniel Binder  Floor Manager:Saskia Egger  Script\/Continuity:Saskia Egger  Sound:Tina Stroschein\/Sandra Pfeiffer\nUploaders:Miriam Pfeiffer\/Saskia Egger\nFinal Cut:Ediz Saran\/Julia Noack\nAfter Effects:Ege T\u00fcl\n\n\n<strong>Special Thanks to:<\/strong>\n\n\nProf Claudia Aymar, Steffen B\u00f6ttrich, Martin Burkhardt, Prof Wolfgang Schiffler, Stefan Swoboda, Kurt Jarzombek\nVienna Film Commission\n<h3><em><strong>Kamera arkas\u0131; Foto\u011fraflar <\/strong><\/em><\/h3>\n<div id=\"royalslider-5\" class=\"royalSlider minimal\" style=\"width:700px; height:400px;\"><ul class=\"royalSlidesContainer\"><li class=\"royalSlide\" data-src=\"http:\/\/ibrahimzateri.com\/tr\/wp-content\/uploads\/2013\/06\/Hey-Du-1.jpg\" data-thumb=\"http:\/\/ibrahimzateri.com\/tr\/wp-content\/plugins\/royalslider\/timthumb\/timthumb.php?src=http:\/\/ibrahimzateri.com\/tr\/wp-content\/uploads\/2013\/06\/Hey-Du-1.jpg&amp;w=150&amp;h=150&amp;q=100\"><\/li><li class=\"royalSlide\" data-src=\"http:\/\/ibrahimzateri.com\/tr\/wp-content\/uploads\/2013\/06\/Hey-Du-2.jpg\" data-thumb=\"http:\/\/ibrahimzateri.com\/tr\/wp-content\/plugins\/royalslider\/timthumb\/timthumb.php?src=http:\/\/ibrahimzateri.com\/tr\/wp-content\/uploads\/2013\/06\/Hey-Du-2.jpg&amp;w=150&amp;h=150&amp;q=100\"><\/li><li class=\"royalSlide\" data-src=\"http:\/\/ibrahimzateri.com\/tr\/wp-content\/uploads\/2013\/06\/Hey-Du-3.jpg\" data-thumb=\"http:\/\/ibrahimzateri.com\/tr\/wp-content\/plugins\/royalslider\/timthumb\/timthumb.php?src=http:\/\/ibrahimzateri.com\/tr\/wp-content\/uploads\/2013\/06\/Hey-Du-3.jpg&amp;w=150&amp;h=150&amp;q=100\"><\/li><li class=\"royalSlide\" data-src=\"http:\/\/ibrahimzateri.com\/tr\/wp-content\/uploads\/2013\/06\/Hey-Du-4.jpg\" data-thumb=\"http:\/\/ibrahimzateri.com\/tr\/wp-content\/plugins\/royalslider\/timthumb\/timthumb.php?src=http:\/\/ibrahimzateri.com\/tr\/wp-content\/uploads\/2013\/06\/Hey-Du-4.jpg&amp;w=150&amp;h=150&amp;q=100\"><\/li><li class=\"royalSlide\" data-src=\"http:\/\/ibrahimzateri.com\/tr\/wp-content\/uploads\/2013\/06\/Hey-Du-5.jpg\" data-thumb=\"http:\/\/ibrahimzateri.com\/tr\/wp-content\/plugins\/royalslider\/timthumb\/timthumb.php?src=http:\/\/ibrahimzateri.com\/tr\/wp-content\/uploads\/2013\/06\/Hey-Du-5.jpg&amp;w=150&amp;h=150&amp;q=100\"><\/li><li class=\"royalSlide\" data-src=\"http:\/\/ibrahimzateri.com\/tr\/wp-content\/uploads\/2013\/06\/Hey-Du-6.jpg\" data-thumb=\"http:\/\/ibrahimzateri.com\/tr\/wp-content\/plugins\/royalslider\/timthumb\/timthumb.php?src=http:\/\/ibrahimzateri.com\/tr\/wp-content\/uploads\/2013\/06\/Hey-Du-6.jpg&amp;w=150&amp;h=150&amp;q=100\"><\/li><li class=\"royalSlide\" data-src=\"http:\/\/ibrahimzateri.com\/tr\/wp-content\/uploads\/2013\/06\/Hey-Du-7.jpg\" data-thumb=\"http:\/\/ibrahimzateri.com\/tr\/wp-content\/plugins\/royalslider\/timthumb\/timthumb.php?src=http:\/\/ibrahimzateri.com\/tr\/wp-content\/uploads\/2013\/06\/Hey-Du-7.jpg&amp;w=150&amp;h=150&amp;q=100\"><\/li><li class=\"royalSlide\" data-src=\"http:\/\/ibrahimzateri.com\/tr\/wp-content\/uploads\/2013\/06\/Hey-Du-8.jpg\" data-thumb=\"http:\/\/ibrahimzateri.com\/tr\/wp-content\/plugins\/royalslider\/timthumb\/timthumb.php?src=http:\/\/ibrahimzateri.com\/tr\/wp-content\/uploads\/2013\/06\/Hey-Du-8.jpg&amp;w=150&amp;h=150&amp;q=100\"><\/li><\/ul><\/div><script type=\"text\/javascript\">jQuery(document).ready(function() {jQuery(\"#royalslider-5\").royalSlider({\"width\":700,\"height\":400,\"skin\":\"minimal\",\"preloadSkin\":false,\"lazyLoading\":true,\"preloadNearbyImages\":true,\"slideshowEnabled\":false,\"slideshowDelay\":5000,\"slideshowPauseOnHover\":true,\"slideshowAutoStart\":true,\"keyboardNavEnabled\":false,\"dragUsingMouse\":true,\"slideSpacing\":0,\"startSlideIndex\":0,\"imageAlignCenter\":false,\"imageScaleMode\":\"fill\",\"slideTransitionType\":\"move\",\"slideTransitionSpeed\":400,\"slideTransitionEasing\":\"easeInOutSine\",\"directionNavEnabled\":true,\"directionNavAutoHide\":false,\"hideArrowOnLastSlide\":true,\"controlNavigationType\":\"thumbnails\",\"auto-generate-images\":false,\"auto-generate-thumbs\":true,\"thumb-width\":150,\"thumb-height\":150,\"captionAnimationEnabled\":true,\"captionShowFadeEffect\":true,\"captionShowMoveEffect\":\"movetop\",\"captionMoveOffset\":20,\"captionShowSpeed\":400,\"captionShowEasing\":\"easeInOutSine\",\"captionShowDelay\":200,\"controlNavEnabled\":true,\"controlNavThumbs\":true,\"controlNavThumbsNavigation\":true,\"captionShowEffects\":[\"fade\",\"movetop\"]});});<\/script>","protected":false},"excerpt":{"rendered":"<p>05\u2019:28\u201d 2010 M\u00fczik Video Grup \u00e7al\u0131\u015fmas\u0131 Sinopsis: Walter Pucher, Avusturyal\u0131 bir sanat\u00e7\u0131d\u0131r. \u00c7ekimler, Viyana-Avusturya ve Wiesbaden-Almanya &#8216;daki RheinMain \u00dcniversitesi&#8217;nin Media Management st\u00fcdyosunda ger\u00e7ekle\u015ftirildi. Credits Singer:Walter Pucher Text\/Music:Walter Pucher Guitar:Walter Pucher Bassguitar:Ediz Saran Backvocals:Walter Pucher Carshoot Director:Janina \u00d6hrig Camera:Ediz Saran Editing:Janina \u00d6hrig\/Julia Noack Floormanager:Patrick Braun Script\/Continuity:Sandra Pfeiffer Sound\/Helping Hand:Tina Stroschein MakeUp\/Helping Hand:Franziska Bauch Fast Motion Skyline [&hellip;]<\/p>\n","protected":false},"author":1,"featured_media":0,"parent":29,"menu_order":-4,"comment_status":"closed","ping_status":"open","template":"","meta":[],"_links":{"self":[{"href":"https:\/\/ibrahimzateri.com\/tr\/wp-json\/wp\/v2\/pages\/828"}],"collection":[{"href":"https:\/\/ibrahimzateri.com\/tr\/wp-json\/wp\/v2\/pages"}],"about":[{"href":"https:\/\/ibrahimzateri.com\/tr\/wp-json\/wp\/v2\/types\/page"}],"author":[{"embeddable":true,"href":"https:\/\/ibrahimzateri.com\/tr\/wp-json\/wp\/v2\/users\/1"}],"replies":[{"embeddable":true,"href":"https:\/\/ibrahimzateri.com\/tr\/wp-json\/wp\/v2\/comments?post=828"}],"version-history":[{"count":16,"href":"https:\/\/ibrahimzateri.com\/tr\/wp-json\/wp\/v2\/pages\/828\/revisions"}],"predecessor-version":[{"id":1073,"href":"https:\/\/ibrahimzateri.com\/tr\/wp-json\/wp\/v2\/pages\/828\/revisions\/1073"}],"up":[{"embeddable":true,"href":"https:\/\/ibrahimzateri.com\/tr\/wp-json\/wp\/v2\/pages\/29"}],"wp:attachment":[{"href":"https:\/\/ibrahimzateri.com\/tr\/wp-json\/wp\/v2\/media?parent=828"}],"curies":[{"name":"wp","href":"https:\/\/api.w.org\/{rel}","templated":true}]}}