{"id":825,"date":"2013-06-05T11:29:00","date_gmt":"2013-06-05T08:29:00","guid":{"rendered":"http:\/\/ibrahimzateri.com\/tr\/?page_id=825"},"modified":"2023-10-27T15:54:32","modified_gmt":"2023-10-27T12:54:32","slug":"abi","status":"publish","type":"page","link":"https:\/\/ibrahimzateri.com\/tr\/filmler\/abi\/","title":{"rendered":"Abi"},"content":{"rendered":"<iframe loading=\"lazy\" src=\"http:\/\/player.vimeo.com\/video\/49184574\" height=\"300\" width=\"700\" allowfullscreen=\"\" frameborder=\"0\"><\/iframe><img loading=\"lazy\" class=\"alignleft  wp-image-813\" alt=\"Atasay - poster\" src=\"http:\/\/ibrahimzateri.com\/tr\/wp-content\/uploads\/2013\/06\/2Brother-Poster.jpg\" width=\"344\" height=\"491\">\n\n26\u2019:10\u201d\n\n2012\n\nKurmaca K\u0131sa Film\n\nY\u00f6netmen: Ferhat \u015eENDA\u011e\n\nG\u00f6r\u00fcnt\u00fc Y\u00f6netmeni: \u0130brahim ZATER\u0130\n\n\n\n\nSinopsis:\n\nArif ve Zeki, ayn\u0131 mahallenin \u00e7ocuklar\u0131d\u0131r. \u00c7ocukluklar\u0131ndan beri Erkan\u2019\u0131 \u00f6rnek alm\u0131\u015flard\u0131r. Erkan \u00e7ocuklu\u011funu o mahallede ge\u00e7irmi\u015f, ge\u00e7mi\u015finde polislik yapm\u0131\u015f fakat k\u00f6t\u00fc bir olay y\u00fcz\u00fcnden meslekten at\u0131lm\u0131\u015ft\u0131r. Mahalleye geri d\u00f6nm\u00fc\u015ft\u00fcr ve kendisine ait bir oto y\u0131kamas\u0131 vard\u0131r. Erkan, bir g\u00fcn Arif ve Zeki ile kar\u015f\u0131la\u015f\u0131r ve onlarla i\u015f yapmaya karar verir. Paraya ihtiyac\u0131 olan Arif ve Zeki bunu hemen kabul eder. Erkan onlardan bir i\u015f adam\u0131n\u0131 tehdit etmelerini ister. Tehdit edecekleri adam, devaml\u0131 Erkan\u2019\u0131n oto y\u0131kamas\u0131nda otob\u00fcsleri y\u0131katan ve turizm acentas\u0131 olan Tahsin Bey\u2019dir. Bu arada Erkan da i\u015f adam\u0131 Tahsin Bey ile kendisini tehdit edenleri bulup \u00f6ld\u00fcrece\u011fi konusunda anla\u015f\u0131r.\n\n\nKrediler:\n\nOyuncular:Serkan G\u00dcNEY, Maksut \u00d6ZT\u00dcRK, Mustafa \u00c7AVU\u015e, \u0130smail OK  Y\u00f6netmen:Ferhat \u015eENDA\u011e  G\u00f6r\u00fcnt\u00fc Y\u00f6netmeni:\u0130brahim ZATER\u0130  Senaryo:Banu ATAY, \u00c7a\u011fla G\u00dcLER, Emre G\u00d6K, Ezgi GEN\u00c7OSMANO\u011eLU, \u0130brahim ZATER\u0130, Ferhat \u015eENDA\u011e  \u00d6yk\u00fc:Ferhat \u015eENDA\u011e, Fatih Bu\u011fra AKBA\u015e  Kamera:\u0130brahim ZATER\u0130  I\u015f\u0131k:Ezgi GEN\u00c7OSMANO\u011eLU, \u0130brahim ZATER\u0130  Sanat Y\u00f6netmeni:Emre G\u00d6K, \u00c7a\u011fla G\u00dcLER  Ses:Ezgi GEN\u00c7OSMANO\u011eLU, Emre G\u00d6K  Kurgu:Ferhat \u015eENDA\u011e, Banu ATAY  Prod\u00fcksiyon:\u00c7a\u011fla G\u00dcLER, Ezgi GEN\u00c7OSMANO\u011eLU, Banu ATAY  \u00d6zel Efekt:Bilgin G\u00dcND\u00dc, Neci\u011f \u00d6ZT\u00dcRK  Dan\u0131\u015fman:Yard. Do\u00e7. Dr. Alper ALTUNAY\n\nM\u00fczik:\n\n\n\u201cFare Kapan\u0131\u201d Hamza Allame G\u00dcL.\n\n\u201cSorma\u201d Can \u015e\u0130M\u015eEK, Sezen AKSU.\n\n\u201cBeni Bul Anne\u201d Can \u015e\u0130M\u015eEK, Ahmet KAYA.\n\nKlarnet \u2013 Saba makam\u0131.\n\nTe\u015fekk\u00fcrler:Afgan RASULOV, Melih \u015eEN, Ali Cihan KAYALIO\u011eLU, Can \u015e\u0130M\u015eEK, Yard. Do\u00e7. Dr. Ebru BARANSEL\u0130, Ay\u015fe Merve \u00d6ZBAY, Mehmet BULUCU, \u00d6mer DEM\u0130R, \u0130brahim SASA, H\u00fcseyin D\u00d6NERTA\u015e, \u0130brahim ERDA\u011e, Zeki Amca, Ali G\u00dcLER, H\u00fcseyin \u00c7ET\u0130N, Semih Erdal G\u00dcLER, S\u00fcleyman HEYKEL, \u015eahin C\u0130VELEK, S\u00fcleyman \u00c7A\u011eLI, \u00d6nder MENKEN, Celal G\u00dcVEN, Fatik ERTEL, Fatih BESLEME, Erdem KUTLU, Cansu B\u0130LAL, Nurbanu BESEL, Harun PACAL, Murat AKBAYIR, Halil Ahmet G\u00d6KAYDIN, Sabiha KANMAZ, Latif T\u0130FT\u0130K\u00c7\u0130, As Medya, Osmangazi Mahallesi Sakinleri, Neyzen Meyhanesi, Sahin K\u0131raathanesi.\n\n\u0130leti\u015fim Bilimleri Fak\u00fcltesi, Anadolu \u00dcniversitesi\n\n\u00a9 2012\n<h3><em><strong>Kamera arkas\u0131; Foto\u011fraflar <\/strong><\/em><\/h3>\n<div id=\"royalslider-4\" class=\"royalSlider minimal\" style=\"width:700px; height:400px;\"><ul class=\"royalSlidesContainer\"><li class=\"royalSlide\" data-src=\"http:\/\/ibrahimzateri.com\/tr\/wp-content\/uploads\/2013\/06\/Brother-1.jpg\" data-thumb=\"http:\/\/ibrahimzateri.com\/tr\/wp-content\/plugins\/royalslider\/timthumb\/timthumb.php?src=http:\/\/ibrahimzateri.com\/tr\/wp-content\/uploads\/2013\/06\/Brother-1.jpg&amp;w=150&amp;h=150&amp;q=100\"><\/li><li class=\"royalSlide\" data-src=\"http:\/\/ibrahimzateri.com\/tr\/wp-content\/uploads\/2013\/06\/Brother-2.jpg\" data-thumb=\"http:\/\/ibrahimzateri.com\/tr\/wp-content\/plugins\/royalslider\/timthumb\/timthumb.php?src=http:\/\/ibrahimzateri.com\/tr\/wp-content\/uploads\/2013\/06\/Brother-2.jpg&amp;w=150&amp;h=150&amp;q=100\"><\/li><li class=\"royalSlide\" data-src=\"http:\/\/ibrahimzateri.com\/tr\/wp-content\/uploads\/2013\/06\/Brother-3.jpg\" data-thumb=\"http:\/\/ibrahimzateri.com\/tr\/wp-content\/plugins\/royalslider\/timthumb\/timthumb.php?src=http:\/\/ibrahimzateri.com\/tr\/wp-content\/uploads\/2013\/06\/Brother-3.jpg&amp;w=150&amp;h=150&amp;q=100\"><\/li><li class=\"royalSlide\" data-src=\"http:\/\/ibrahimzateri.com\/tr\/wp-content\/uploads\/2013\/06\/Brother-4.jpg\" data-thumb=\"http:\/\/ibrahimzateri.com\/tr\/wp-content\/plugins\/royalslider\/timthumb\/timthumb.php?src=http:\/\/ibrahimzateri.com\/tr\/wp-content\/uploads\/2013\/06\/Brother-4.jpg&amp;w=150&amp;h=150&amp;q=100\"><\/li><li class=\"royalSlide\" data-src=\"http:\/\/ibrahimzateri.com\/tr\/wp-content\/uploads\/2013\/06\/Brother-5.jpg\" data-thumb=\"http:\/\/ibrahimzateri.com\/tr\/wp-content\/plugins\/royalslider\/timthumb\/timthumb.php?src=http:\/\/ibrahimzateri.com\/tr\/wp-content\/uploads\/2013\/06\/Brother-5.jpg&amp;w=150&amp;h=150&amp;q=100\"><\/li><li class=\"royalSlide\" data-src=\"http:\/\/ibrahimzateri.com\/tr\/wp-content\/uploads\/2013\/06\/Brother-6.jpg\" data-thumb=\"http:\/\/ibrahimzateri.com\/tr\/wp-content\/plugins\/royalslider\/timthumb\/timthumb.php?src=http:\/\/ibrahimzateri.com\/tr\/wp-content\/uploads\/2013\/06\/Brother-6.jpg&amp;w=150&amp;h=150&amp;q=100\"><\/li><li class=\"royalSlide\" data-src=\"http:\/\/ibrahimzateri.com\/tr\/wp-content\/uploads\/2013\/06\/Brother-7.jpg\" data-thumb=\"http:\/\/ibrahimzateri.com\/tr\/wp-content\/plugins\/royalslider\/timthumb\/timthumb.php?src=http:\/\/ibrahimzateri.com\/tr\/wp-content\/uploads\/2013\/06\/Brother-7.jpg&amp;w=150&amp;h=150&amp;q=100\"><\/li><li class=\"royalSlide\" data-src=\"http:\/\/ibrahimzateri.com\/tr\/wp-content\/uploads\/2013\/06\/Brother-8.jpg\" data-thumb=\"http:\/\/ibrahimzateri.com\/tr\/wp-content\/plugins\/royalslider\/timthumb\/timthumb.php?src=http:\/\/ibrahimzateri.com\/tr\/wp-content\/uploads\/2013\/06\/Brother-8.jpg&amp;w=150&amp;h=150&amp;q=100\"><\/li><li class=\"royalSlide\" data-src=\"http:\/\/ibrahimzateri.com\/tr\/wp-content\/uploads\/2013\/06\/Brother-9.jpg\" data-thumb=\"http:\/\/ibrahimzateri.com\/tr\/wp-content\/plugins\/royalslider\/timthumb\/timthumb.php?src=http:\/\/ibrahimzateri.com\/tr\/wp-content\/uploads\/2013\/06\/Brother-9.jpg&amp;w=150&amp;h=150&amp;q=100\"><\/li><li class=\"royalSlide\" data-src=\"http:\/\/ibrahimzateri.com\/tr\/wp-content\/uploads\/2013\/06\/Brother-10.jpg\" data-thumb=\"http:\/\/ibrahimzateri.com\/tr\/wp-content\/plugins\/royalslider\/timthumb\/timthumb.php?src=http:\/\/ibrahimzateri.com\/tr\/wp-content\/uploads\/2013\/06\/Brother-10.jpg&amp;w=150&amp;h=150&amp;q=100\"><\/li><\/ul><\/div><script type=\"text\/javascript\">jQuery(document).ready(function() {jQuery(\"#royalslider-4\").royalSlider({\"width\":700,\"height\":400,\"skin\":\"minimal\",\"preloadSkin\":false,\"lazyLoading\":true,\"preloadNearbyImages\":true,\"slideshowEnabled\":false,\"slideshowDelay\":5000,\"slideshowPauseOnHover\":true,\"slideshowAutoStart\":true,\"keyboardNavEnabled\":false,\"dragUsingMouse\":true,\"slideSpacing\":0,\"startSlideIndex\":0,\"imageAlignCenter\":false,\"imageScaleMode\":\"fill\",\"slideTransitionType\":\"move\",\"slideTransitionSpeed\":400,\"slideTransitionEasing\":\"easeInOutSine\",\"directionNavEnabled\":true,\"directionNavAutoHide\":false,\"hideArrowOnLastSlide\":true,\"controlNavigationType\":\"thumbnails\",\"auto-generate-images\":false,\"auto-generate-thumbs\":true,\"thumb-width\":150,\"thumb-height\":150,\"captionAnimationEnabled\":true,\"captionShowFadeEffect\":true,\"captionShowMoveEffect\":\"movetop\",\"captionMoveOffset\":20,\"captionShowSpeed\":400,\"captionShowEasing\":\"easeInOutSine\",\"captionShowDelay\":200,\"controlNavEnabled\":true,\"controlNavThumbs\":true,\"controlNavThumbsNavigation\":true,\"captionShowEffects\":[\"fade\",\"movetop\"]});});<\/script>","protected":false},"excerpt":{"rendered":"<p>26\u2019:10\u201d 2012 Kurmaca K\u0131sa Film Y\u00f6netmen: Ferhat \u015eENDA\u011e G\u00f6r\u00fcnt\u00fc Y\u00f6netmeni: \u0130brahim ZATER\u0130 Sinopsis: Arif ve Zeki, ayn\u0131 mahallenin \u00e7ocuklar\u0131d\u0131r. \u00c7ocukluklar\u0131ndan beri Erkan\u2019\u0131 \u00f6rnek alm\u0131\u015flard\u0131r. Erkan \u00e7ocuklu\u011funu o mahallede ge\u00e7irmi\u015f, ge\u00e7mi\u015finde polislik yapm\u0131\u015f fakat k\u00f6t\u00fc bir olay y\u00fcz\u00fcnden meslekten at\u0131lm\u0131\u015ft\u0131r. Mahalleye geri d\u00f6nm\u00fc\u015ft\u00fcr ve kendisine ait bir oto y\u0131kamas\u0131 vard\u0131r. Erkan, bir g\u00fcn Arif ve Zeki [&hellip;]<\/p>\n","protected":false},"author":1,"featured_media":0,"parent":29,"menu_order":-7,"comment_status":"closed","ping_status":"open","template":"","meta":[],"_links":{"self":[{"href":"https:\/\/ibrahimzateri.com\/tr\/wp-json\/wp\/v2\/pages\/825"}],"collection":[{"href":"https:\/\/ibrahimzateri.com\/tr\/wp-json\/wp\/v2\/pages"}],"about":[{"href":"https:\/\/ibrahimzateri.com\/tr\/wp-json\/wp\/v2\/types\/page"}],"author":[{"embeddable":true,"href":"https:\/\/ibrahimzateri.com\/tr\/wp-json\/wp\/v2\/users\/1"}],"replies":[{"embeddable":true,"href":"https:\/\/ibrahimzateri.com\/tr\/wp-json\/wp\/v2\/comments?post=825"}],"version-history":[{"count":8,"href":"https:\/\/ibrahimzateri.com\/tr\/wp-json\/wp\/v2\/pages\/825\/revisions"}],"predecessor-version":[{"id":1076,"href":"https:\/\/ibrahimzateri.com\/tr\/wp-json\/wp\/v2\/pages\/825\/revisions\/1076"}],"up":[{"embeddable":true,"href":"https:\/\/ibrahimzateri.com\/tr\/wp-json\/wp\/v2\/pages\/29"}],"wp:attachment":[{"href":"https:\/\/ibrahimzateri.com\/tr\/wp-json\/wp\/v2\/media?parent=825"}],"curies":[{"name":"wp","href":"https:\/\/api.w.org\/{rel}","templated":true}]}}