{"id":812,"date":"2013-06-05T11:17:18","date_gmt":"2013-06-05T08:17:18","guid":{"rendered":"http:\/\/ibrahimzateri.com\/tr\/?page_id=812"},"modified":"2023-10-27T15:53:59","modified_gmt":"2023-10-27T12:53:59","slug":"atasay","status":"publish","type":"page","link":"https:\/\/ibrahimzateri.com\/tr\/filmler\/atasay\/","title":{"rendered":"Atasay"},"content":{"rendered":"<iframe loading=\"lazy\" src=\"http:\/\/player.vimeo.com\/video\/54733888\" height=\"300\" width=\"700\" allowfullscreen=\"\" frameborder=\"0\"><\/iframe><img loading=\"lazy\" class=\"alignleft  wp-image-813\" alt=\"Atasay - poster\" src=\"http:\/\/ibrahimzateri.com\/tr\/wp-content\/uploads\/2013\/06\/Atasay-poster-716x1024.jpg\" width=\"344\" height=\"491\" srcset=\"https:\/\/ibrahimzateri.com\/tr\/wp-content\/uploads\/2013\/06\/Atasay-poster-716x1024.jpg 716w, https:\/\/ibrahimzateri.com\/tr\/wp-content\/uploads\/2013\/06\/Atasay-poster-210x300.jpg 210w\" sizes=\"(max-width: 344px) 100vw, 344px\" \/>\n\n00\u2019:30\u201d\n\n2012\n\nReklam Filmi\nY\u00f6netmen: Ender ERCAN\n\nG\u00f6r\u00fcnt\u00fc Y\u00f6netmeni: \u0130brahim ZATER\u0130\n\nSinopsis:\nBu proje, Atasay markas\u0131n\u0131n reklam filmi yar\u0131\u015fmas\u0131 i\u00e7in \u00e7ekilmi\u015ftir.\n\n\n\nFestivaller ve \u00d6d\u00fcller\n2012 \/ &#8220;Atasay&#8217;a Gitmi\u015f&#8221; Reklam Filmi Yar\u0131\u015fmas\u0131 \/ 0&#8242;:46 \/ 3.l\u00fck \u00d6d\u00fcl\u00fc\n\n\n\nKrediler:\n\n\nOyuncular:Nur EROL, G\u00f6kce SAAT\u00c7\u0130  Yazan ve Y\u00f6neten:Ender ERCAN  G\u00f6r\u00fcnt\u00fc Y\u00f6netmeni:\u0130brahim ZATER\u0130  Sanat Y\u00f6netmeni:Halil Ahmet G\u00d6KAYDIN  Kurgu:Ender ERCAN  Ses:\u015eenay ME\u015eEDALI  I\u015f\u0131k:Ender ERCAN, \u0130brahim ZATER\u0130  Makyaj:Merve D\u0130N\u00c7  Set Foto\u011fraflar\u0131:\u00d6zge BAYBURE\n\nTe\u015fekk\u00fcrler:Latif T\u0130FT\u0130K\u00c7\u0130, HAL\u0130DE NURAN T\u0130FT\u0130K\u00c7\u0130, Halil Ibrahim G\u00d6KCAN\nEL\u00c7\u0130N G\u00dcR (S\u0130-SER \u0130\u015e\u0130TME C\u0130HAZLARI)\n\n\u00a92012\n<h3><em><strong>Kamera arkas\u0131; Foto\u011fraflar <\/strong><\/em><\/h3>\n<div id=\"royalslider-3\" class=\"royalSlider minimal\" style=\"width:700px; height:400px;\"><ul class=\"royalSlidesContainer\"><li class=\"royalSlide\" data-src=\"http:\/\/ibrahimzateri.com\/tr\/wp-content\/uploads\/2013\/06\/Atasay-1.jpg\" data-thumb=\"http:\/\/ibrahimzateri.com\/tr\/wp-content\/plugins\/royalslider\/timthumb\/timthumb.php?src=http:\/\/ibrahimzateri.com\/tr\/wp-content\/uploads\/2013\/06\/Atasay-1.jpg&amp;w=150&amp;h=150&amp;q=100\"><\/li><li class=\"royalSlide\" data-src=\"http:\/\/ibrahimzateri.com\/tr\/wp-content\/uploads\/2013\/06\/Atasay-2.jpg\" data-thumb=\"http:\/\/ibrahimzateri.com\/tr\/wp-content\/plugins\/royalslider\/timthumb\/timthumb.php?src=http:\/\/ibrahimzateri.com\/tr\/wp-content\/uploads\/2013\/06\/Atasay-2.jpg&amp;w=150&amp;h=150&amp;q=100\"><\/li><li class=\"royalSlide\" data-src=\"http:\/\/ibrahimzateri.com\/tr\/wp-content\/uploads\/2013\/06\/Atasay-3.jpg\" data-thumb=\"http:\/\/ibrahimzateri.com\/tr\/wp-content\/plugins\/royalslider\/timthumb\/timthumb.php?src=http:\/\/ibrahimzateri.com\/tr\/wp-content\/uploads\/2013\/06\/Atasay-3.jpg&amp;w=150&amp;h=150&amp;q=100\"><\/li><li class=\"royalSlide\" data-src=\"http:\/\/ibrahimzateri.com\/tr\/wp-content\/uploads\/2013\/06\/Atasay-4.jpg\" data-thumb=\"http:\/\/ibrahimzateri.com\/tr\/wp-content\/plugins\/royalslider\/timthumb\/timthumb.php?src=http:\/\/ibrahimzateri.com\/tr\/wp-content\/uploads\/2013\/06\/Atasay-4.jpg&amp;w=150&amp;h=150&amp;q=100\"><\/li><li class=\"royalSlide\" data-src=\"http:\/\/ibrahimzateri.com\/tr\/wp-content\/uploads\/2013\/06\/Atasay-5.jpg\" data-thumb=\"http:\/\/ibrahimzateri.com\/tr\/wp-content\/plugins\/royalslider\/timthumb\/timthumb.php?src=http:\/\/ibrahimzateri.com\/tr\/wp-content\/uploads\/2013\/06\/Atasay-5.jpg&amp;w=150&amp;h=150&amp;q=100\"><\/li><li class=\"royalSlide\" data-src=\"http:\/\/ibrahimzateri.com\/tr\/wp-content\/uploads\/2013\/06\/Atasay-6.jpg\" data-thumb=\"http:\/\/ibrahimzateri.com\/tr\/wp-content\/plugins\/royalslider\/timthumb\/timthumb.php?src=http:\/\/ibrahimzateri.com\/tr\/wp-content\/uploads\/2013\/06\/Atasay-6.jpg&amp;w=150&amp;h=150&amp;q=100\"><\/li><li class=\"royalSlide\" data-src=\"http:\/\/ibrahimzateri.com\/tr\/wp-content\/uploads\/2013\/06\/Atasay-7.jpg\" data-thumb=\"http:\/\/ibrahimzateri.com\/tr\/wp-content\/plugins\/royalslider\/timthumb\/timthumb.php?src=http:\/\/ibrahimzateri.com\/tr\/wp-content\/uploads\/2013\/06\/Atasay-7.jpg&amp;w=150&amp;h=150&amp;q=100\"><\/li><li class=\"royalSlide\" data-src=\"http:\/\/ibrahimzateri.com\/tr\/wp-content\/uploads\/2013\/06\/Atasay-8.jpg\" data-thumb=\"http:\/\/ibrahimzateri.com\/tr\/wp-content\/plugins\/royalslider\/timthumb\/timthumb.php?src=http:\/\/ibrahimzateri.com\/tr\/wp-content\/uploads\/2013\/06\/Atasay-8.jpg&amp;w=150&amp;h=150&amp;q=100\"><\/li><li class=\"royalSlide\" data-src=\"http:\/\/ibrahimzateri.com\/tr\/wp-content\/uploads\/2013\/06\/Atasay-9.jpg\" data-thumb=\"http:\/\/ibrahimzateri.com\/tr\/wp-content\/plugins\/royalslider\/timthumb\/timthumb.php?src=http:\/\/ibrahimzateri.com\/tr\/wp-content\/uploads\/2013\/06\/Atasay-9.jpg&amp;w=150&amp;h=150&amp;q=100\"><\/li><\/ul><\/div><script type=\"text\/javascript\">jQuery(document).ready(function() {jQuery(\"#royalslider-3\").royalSlider({\"width\":700,\"height\":400,\"skin\":\"minimal\",\"preloadSkin\":false,\"lazyLoading\":true,\"preloadNearbyImages\":true,\"slideshowEnabled\":false,\"slideshowDelay\":5000,\"slideshowPauseOnHover\":true,\"slideshowAutoStart\":true,\"keyboardNavEnabled\":false,\"dragUsingMouse\":true,\"slideSpacing\":0,\"startSlideIndex\":0,\"imageAlignCenter\":false,\"imageScaleMode\":\"fill\",\"slideTransitionType\":\"move\",\"slideTransitionSpeed\":400,\"slideTransitionEasing\":\"easeInOutSine\",\"directionNavEnabled\":true,\"directionNavAutoHide\":false,\"hideArrowOnLastSlide\":true,\"controlNavigationType\":\"thumbnails\",\"auto-generate-images\":false,\"auto-generate-thumbs\":true,\"thumb-width\":150,\"thumb-height\":150,\"captionAnimationEnabled\":true,\"captionShowFadeEffect\":true,\"captionShowMoveEffect\":\"movetop\",\"captionMoveOffset\":20,\"captionShowSpeed\":400,\"captionShowEasing\":\"easeInOutSine\",\"captionShowDelay\":200,\"controlNavEnabled\":true,\"controlNavThumbs\":true,\"controlNavThumbsNavigation\":true,\"captionShowEffects\":[\"fade\",\"movetop\"]});});<\/script>","protected":false},"excerpt":{"rendered":"<p>00\u2019:30\u201d 2012 Reklam Filmi Y\u00f6netmen: Ender ERCAN G\u00f6r\u00fcnt\u00fc Y\u00f6netmeni: \u0130brahim ZATER\u0130 Sinopsis: Bu proje, Atasay markas\u0131n\u0131n reklam filmi yar\u0131\u015fmas\u0131 i\u00e7in \u00e7ekilmi\u015ftir. Festivaller ve \u00d6d\u00fcller 2012 \/ &#8220;Atasay&#8217;a Gitmi\u015f&#8221; Reklam Filmi Yar\u0131\u015fmas\u0131 \/ 0&#8242;:46 \/ 3.l\u00fck \u00d6d\u00fcl\u00fc Krediler: Oyuncular:Nur EROL, G\u00f6kce SAAT\u00c7\u0130 Yazan ve Y\u00f6neten:Ender ERCAN G\u00f6r\u00fcnt\u00fc Y\u00f6netmeni:\u0130brahim ZATER\u0130 Sanat Y\u00f6netmeni:Halil Ahmet G\u00d6KAYDIN Kurgu:Ender ERCAN Ses:\u015eenay [&hellip;]<\/p>\n","protected":false},"author":1,"featured_media":0,"parent":29,"menu_order":-6,"comment_status":"closed","ping_status":"open","template":"","meta":[],"_links":{"self":[{"href":"https:\/\/ibrahimzateri.com\/tr\/wp-json\/wp\/v2\/pages\/812"}],"collection":[{"href":"https:\/\/ibrahimzateri.com\/tr\/wp-json\/wp\/v2\/pages"}],"about":[{"href":"https:\/\/ibrahimzateri.com\/tr\/wp-json\/wp\/v2\/types\/page"}],"author":[{"embeddable":true,"href":"https:\/\/ibrahimzateri.com\/tr\/wp-json\/wp\/v2\/users\/1"}],"replies":[{"embeddable":true,"href":"https:\/\/ibrahimzateri.com\/tr\/wp-json\/wp\/v2\/comments?post=812"}],"version-history":[{"count":16,"href":"https:\/\/ibrahimzateri.com\/tr\/wp-json\/wp\/v2\/pages\/812\/revisions"}],"predecessor-version":[{"id":1075,"href":"https:\/\/ibrahimzateri.com\/tr\/wp-json\/wp\/v2\/pages\/812\/revisions\/1075"}],"up":[{"embeddable":true,"href":"https:\/\/ibrahimzateri.com\/tr\/wp-json\/wp\/v2\/pages\/29"}],"wp:attachment":[{"href":"https:\/\/ibrahimzateri.com\/tr\/wp-json\/wp\/v2\/media?parent=812"}],"curies":[{"name":"wp","href":"https:\/\/api.w.org\/{rel}","templated":true}]}}