{"id":32,"date":"2013-06-03T09:59:10","date_gmt":"2013-06-03T06:59:10","guid":{"rendered":"http:\/\/ibrahimzateri.com\/tr\/?page_id=32"},"modified":"2023-10-26T19:45:48","modified_gmt":"2023-10-26T16:45:48","slug":"haberler","status":"publish","type":"page","link":"https:\/\/ibrahimzateri.com\/tr\/haberler\/","title":{"rendered":"Haberler"},"content":{"rendered":"\n<p><strong>Zateri&#8217;nin akademik \u00e7al\u0131\u015fmalar\u0131 ile ilgili haberler:<\/strong><\/p>\n\n\n\n<ul><li><a href=\"https:\/\/ibrahimzateri.com\/tr\/wp-content\/uploads\/2023\/10\/Du\u0308nyayi-C\u0327ocuklar-Kurtaracak-Vural-Ko\u0308se-gunaydingazetesi.pdf\" data-type=\"URL\" data-id=\"https:\/\/ibrahimzateri.com\/tr\/wp-content\/uploads\/2023\/10\/Du\u0308nyayi-C\u0327ocuklar-Kurtaracak-Vural-Ko\u0308se-gunaydingazetesi.pdf\" target=\"_blank\" rel=\"noreferrer noopener\">D\u00fcnyay\u0131 \u00c7ocuklar Kurtaracak \u2013 Vural K\u00f6se \u2013 gunaydingazetesi<\/a><\/li><li><a href=\"https:\/\/ibrahimzateri.com\/tr\/wp-content\/uploads\/2023\/10\/Kadina-Yo\u0308nelik-S\u0327iddete-Kars\u0327i-Mu\u0308cadele-Eg\u0306itimi-Adana-Ulus.pdf\" data-type=\"URL\" data-id=\"https:\/\/ibrahimzateri.com\/tr\/wp-content\/uploads\/2023\/10\/Kadina-Yo\u0308nelik-S\u0327iddete-Kars\u0327i-Mu\u0308cadele-Eg\u0306itimi-Adana-Ulus.pdf\" target=\"_blank\" rel=\"noreferrer noopener\">Kad\u0131na Y\u00f6nelik \u015eiddete Kar\u015f\u0131 M\u00fccadele E\u011fitimi \u2013 Adana Ulus<\/a><\/li><li><a href=\"https:\/\/ibrahimzateri.com\/tr\/wp-content\/uploads\/2023\/10\/S\u0327iddet-Uygulanan-Ailelerde-Bu\u0308yu\u0308yen-C\u0327ocuklar-Daha-Saldirgan-Oluyor-Adananin-Sesi.pdf\" data-type=\"URL\" data-id=\"https:\/\/ibrahimzateri.com\/tr\/wp-content\/uploads\/2023\/10\/S\u0327iddet-Uygulanan-Ailelerde-Bu\u0308yu\u0308yen-C\u0327ocuklar-Daha-Saldirgan-Oluyor-Adananin-Sesi.pdf\" target=\"_blank\" rel=\"noreferrer noopener\">\u015eiddet Uygulanan Ailelerde B\u00fcy\u00fcyen \u00c7ocuklar Daha Sald\u0131rgan Oluyor \u2013 Adanan\u0131n Sesi<\/a><\/li><\/ul>\n\n\n\n<p><strong>Zateri&#8217;nin film \u00e7al\u0131\u015fmalar\u0131 ile ilgili haberler:<\/strong><\/p>\n\n\n\n<ul><li><a href=\"https:\/\/ibrahimzateri.com\/tr\/wp-content\/uploads\/2023\/10\/Kisa-Film-Yaris\u0327masinda-Birinci-Oldu-Sonhaber.pdf\" data-type=\"URL\" data-id=\"https:\/\/ibrahimzateri.com\/tr\/wp-content\/uploads\/2023\/10\/Kisa-Film-Yaris\u0327masinda-Birinci-Oldu-Sonhaber.pdf\" target=\"_blank\" rel=\"noreferrer noopener\">K\u0131sa Film Yar\u0131\u015fmas\u0131nda Birinci Oldu \u2013 Sonhaber<\/a><\/li><li><a href=\"https:\/\/ibrahimzateri.com\/tr\/wp-content\/uploads\/2023\/10\/G.O.P-U\u0308niversitenide-Kisa-Film-Festivali-Mynet-Tokat-Haberleri.pdf\" data-type=\"URL\" data-id=\"https:\/\/ibrahimzateri.com\/tr\/wp-content\/uploads\/2023\/10\/G.O.P-U\u0308niversitenide-Kisa-Film-Festivali-Mynet-Tokat-Haberleri.pdf\" target=\"_blank\" rel=\"noreferrer noopener\">G.O.P \u00dcniversitenide K\u0131sa Film Festivali \u2013 Mynet Tokat Haberleri<\/a><\/li><li><a href=\"https:\/\/ibrahimzateri.com\/tr\/wp-content\/uploads\/2023\/10\/Gazi\u0307osmanpas\u0327a-U\u0308ni\u0307versi\u0307tesi\u0307-1.-Ulusal-Kisa-Fi\u0307lm-Festi\u0307vali\u0307-T.C.-Tokat-Valilig\u0306i-1.pdf\" data-type=\"URL\" data-id=\"https:\/\/ibrahimzateri.com\/tr\/wp-content\/uploads\/2023\/10\/Gazi\u0307osmanpas\u0327a-U\u0308ni\u0307versi\u0307tesi\u0307-1.-Ulusal-Kisa-Fi\u0307lm-Festi\u0307vali\u0307-T.C.-Tokat-Valilig\u0306i-1.pdf\" target=\"_blank\" rel=\"noreferrer noopener\">Gaz\u0131\u0307osmanpa\u015fa \u00dcn\u0131\u0307vers\u0131\u0307tes\u0131\u0307 1. Ulusal K\u0131sa F\u0131\u0307lm Fest\u0131\u0307val\u0131\u0307 \u2013 T.C. Tokat Valili\u011fi<\/a><\/li><\/ul>\n\n\n\n<p><strong>Zateri Hakk\u0131nda Videolar:<\/strong><\/p>\n\n\n\n<p><\/p>\n\n\n\n<figure class=\"wp-block-embed is-type-video is-provider-vimeo wp-block-embed-vimeo\"><div class=\"wp-block-embed__wrapper\">\n<iframe loading=\"lazy\" title=\"\u201cHayat\u0131 Belgeleyenler\u201d Program\u0131 TRT Belgesel 16&#039;:15&quot;\" src=\"https:\/\/player.vimeo.com\/video\/66548655?dnt=1&amp;app_id=122963\" width=\"440\" height=\"360\" frameborder=\"0\" allow=\"autoplay; fullscreen; picture-in-picture\"><\/iframe>\n<\/div><\/figure>\n\n\n\n<ul><li>\u201cHayat\u0131 Belgeleyenler\u201d TRT Belgesel program\u0131. Ayr\u0131ca bak\u0131n\u0131z: 16\u2032:15\u2033.<\/li><\/ul>\n\n\n\n<p>\u201cMeine gespaltene Seele \/ My Divided Soul \/ B\u00f6l\u00fcnm\u00fc\u015f Ruhum\u201d filmi hakk\u0131nda.<\/p>\n","protected":false},"excerpt":{"rendered":"<p>Zateri&#8217;nin akademik \u00e7al\u0131\u015fmalar\u0131 ile ilgili haberler: D\u00fcnyay\u0131 \u00c7ocuklar Kurtaracak \u2013 Vural K\u00f6se \u2013 gunaydingazetesiKad\u0131na Y\u00f6nelik \u015eiddete Kar\u015f\u0131 M\u00fccadele E\u011fitimi \u2013 Adana Ulus\u015eiddet Uygulanan Ailelerde B\u00fcy\u00fcyen \u00c7ocuklar Daha Sald\u0131rgan Oluyor \u2013 Adanan\u0131n Sesi Zateri&#8217;nin film \u00e7al\u0131\u015fmalar\u0131 ile ilgili haberler: K\u0131sa Film Yar\u0131\u015fmas\u0131nda Birinci Oldu \u2013 SonhaberG.O.P \u00dcniversitenide K\u0131sa Film Festivali \u2013 Mynet Tokat HaberleriGaz\u0131\u0307osmanpa\u015fa \u00dcn\u0131\u0307vers\u0131\u0307tes\u0131\u0307 1. [&hellip;]<\/p>\n","protected":false},"author":1,"featured_media":0,"parent":0,"menu_order":0,"comment_status":"closed","ping_status":"closed","template":"","meta":[],"_links":{"self":[{"href":"https:\/\/ibrahimzateri.com\/tr\/wp-json\/wp\/v2\/pages\/32"}],"collection":[{"href":"https:\/\/ibrahimzateri.com\/tr\/wp-json\/wp\/v2\/pages"}],"about":[{"href":"https:\/\/ibrahimzateri.com\/tr\/wp-json\/wp\/v2\/types\/page"}],"author":[{"embeddable":true,"href":"https:\/\/ibrahimzateri.com\/tr\/wp-json\/wp\/v2\/users\/1"}],"replies":[{"embeddable":true,"href":"https:\/\/ibrahimzateri.com\/tr\/wp-json\/wp\/v2\/comments?post=32"}],"version-history":[{"count":10,"href":"https:\/\/ibrahimzateri.com\/tr\/wp-json\/wp\/v2\/pages\/32\/revisions"}],"predecessor-version":[{"id":1059,"href":"https:\/\/ibrahimzateri.com\/tr\/wp-json\/wp\/v2\/pages\/32\/revisions\/1059"}],"wp:attachment":[{"href":"https:\/\/ibrahimzateri.com\/tr\/wp-json\/wp\/v2\/media?parent=32"}],"curies":[{"name":"wp","href":"https:\/\/api.w.org\/{rel}","templated":true}]}}