{"id":29,"date":"2013-06-03T09:58:46","date_gmt":"2013-06-03T06:58:46","guid":{"rendered":"http:\/\/ibrahimzateri.com\/tr\/?page_id=29"},"modified":"2023-10-27T15:13:03","modified_gmt":"2023-10-27T12:13:03","slug":"filmler","status":"publish","type":"page","link":"https:\/\/ibrahimzateri.com\/tr\/filmler\/","title":{"rendered":"Filmografi"},"content":{"rendered":"<p>&#8211; y\u00f6netmen olarak<\/p>\n<p><a href=\"http:\/\/ibrahimzateri.com\/tr\/bolunmus-ruhum-meine-gespaltene-seele-filmin-ozgun-adi\/\" data-spotlight=\"on\"><img loading=\"lazy\" class=\"alignright size-full wp-image-51\" src=\"http:\/\/ibrahimzateri.com\/tr\/wp-content\/uploads\/2013\/06\/3bolunmusruhum-2e6491ba18.jpg\" alt=\"3bolunmusruhum-2e6491ba18\" width=\"230\" height=\"320\" srcset=\"https:\/\/ibrahimzateri.com\/tr\/wp-content\/uploads\/2013\/06\/3bolunmusruhum-2e6491ba18.jpg 230w, https:\/\/ibrahimzateri.com\/tr\/wp-content\/uploads\/2013\/06\/3bolunmusruhum-2e6491ba18-215x300.jpg 215w\" sizes=\"(max-width: 230px) 100vw, 230px\" \/><\/a><a href=\"http:\/\/ibrahimzateri.com\/tr\/filmler\/anahtar\/\" data-spotlight=\"on\"><img loading=\"lazy\" class=\"alignright size-full wp-image-50\" src=\"http:\/\/ibrahimzateri.com\/tr\/wp-content\/uploads\/2013\/06\/2anahtar-1d2873fd9a.jpg\" alt=\"2anahtar-1d2873fd9a\" width=\"230\" height=\"320\" srcset=\"https:\/\/ibrahimzateri.com\/tr\/wp-content\/uploads\/2013\/06\/2anahtar-1d2873fd9a.jpg 230w, https:\/\/ibrahimzateri.com\/tr\/wp-content\/uploads\/2013\/06\/2anahtar-1d2873fd9a-215x300.jpg 215w\" sizes=\"(max-width: 230px) 100vw, 230px\" \/><\/a><a href=\"http:\/\/ibrahimzateri.com\/tr\/filmler\/yasayinca-ogrendik\/\" data-spotlight=\"on\"><img loading=\"lazy\" class=\"alignright size-full wp-image-49\" src=\"http:\/\/ibrahimzateri.com\/tr\/wp-content\/uploads\/2013\/06\/1Yasayincaogrendik-e55f7e47af.jpg\" alt=\"1Yasayincaogrendik-e55f7e47af\" width=\"230\" height=\"320\" srcset=\"https:\/\/ibrahimzateri.com\/tr\/wp-content\/uploads\/2013\/06\/1Yasayincaogrendik-e55f7e47af.jpg 230w, https:\/\/ibrahimzateri.com\/tr\/wp-content\/uploads\/2013\/06\/1Yasayincaogrendik-e55f7e47af-215x300.jpg 215w\" sizes=\"(max-width: 230px) 100vw, 230px\" \/><\/a><img loading=\"lazy\" class=\"alignright size-full wp-image-56\" src=\"http:\/\/ibrahimzateri.com\/tr\/wp-content\/uploads\/2013\/06\/sadasd6b.jpg\" alt=\"2Brother - Poster-f8fe874208\" width=\"230\" height=\"320\" \/><\/p>\n<p>\u00a0<\/p>\n<p>\u2013 ortak yap\u0131mlar; g\u00f6r\u00fcnt\u00fc y\u00f6netmeni vb. olarak.<\/p>\n<p><a href=\"http:\/\/ibrahimzateri.com\/tr\/filmler\/hey-du\/\" data-spotlight=\"on\"><img loading=\"lazy\" class=\"alignright size-full wp-image-57\" src=\"http:\/\/ibrahimzateri.com\/tr\/wp-content\/uploads\/2013\/06\/3Hey-Du-Poster-8f89fe9390.jpg\" alt=\"3Hey Du - Poster-8f89fe9390\" width=\"230\" height=\"320\" srcset=\"https:\/\/ibrahimzateri.com\/tr\/wp-content\/uploads\/2013\/06\/3Hey-Du-Poster-8f89fe9390.jpg 230w, https:\/\/ibrahimzateri.com\/tr\/wp-content\/uploads\/2013\/06\/3Hey-Du-Poster-8f89fe9390-215x300.jpg 215w\" sizes=\"(max-width: 230px) 100vw, 230px\" \/><\/a><a href=\"http:\/\/ibrahimzateri.com\/tr\/filmler\/sans-keki\/\" data-spotlight=\"on\"><img loading=\"lazy\" class=\"alignright size-full wp-image-58\" src=\"http:\/\/ibrahimzateri.com\/tr\/wp-content\/uploads\/2013\/06\/4Fortune-cookie-40d5ed056b.jpg\" alt=\"4Fortune cookie-40d5ed056b\" width=\"230\" height=\"320\" srcset=\"https:\/\/ibrahimzateri.com\/tr\/wp-content\/uploads\/2013\/06\/4Fortune-cookie-40d5ed056b.jpg 230w, https:\/\/ibrahimzateri.com\/tr\/wp-content\/uploads\/2013\/06\/4Fortune-cookie-40d5ed056b-215x300.jpg 215w\" sizes=\"(max-width: 230px) 100vw, 230px\" \/><\/a><a href=\"http:\/\/ibrahimzateri.com\/tr\/filmler\/atasay\/\" data-spotlight=\"on\"><img loading=\"lazy\" class=\"alignright size-full wp-image-55\" src=\"http:\/\/ibrahimzateri.com\/tr\/wp-content\/uploads\/2013\/06\/1Atasay-poster-cefaaa751a.jpg\" alt=\"1Atasay - poster-cefaaa751a\" width=\"230\" height=\"320\" srcset=\"https:\/\/ibrahimzateri.com\/tr\/wp-content\/uploads\/2013\/06\/1Atasay-poster-cefaaa751a.jpg 230w, https:\/\/ibrahimzateri.com\/tr\/wp-content\/uploads\/2013\/06\/1Atasay-poster-cefaaa751a-215x300.jpg 215w\" sizes=\"(max-width: 230px) 100vw, 230px\" \/><\/a><a href=\"http:\/\/ibrahimzateri.com\/tr\/filmler\/abi\/\" data-spotlight=\"on\"><img loading=\"lazy\" class=\"alignright size-full wp-image-65\" src=\"http:\/\/ibrahimzateri.com\/tr\/wp-content\/uploads\/2013\/06\/2Brother-Poster-f8fe8742081.jpg\" alt=\"2Brother - Poster-f8fe874208\" width=\"230\" height=\"320\" srcset=\"https:\/\/ibrahimzateri.com\/tr\/wp-content\/uploads\/2013\/06\/2Brother-Poster-f8fe8742081.jpg 230w, https:\/\/ibrahimzateri.com\/tr\/wp-content\/uploads\/2013\/06\/2Brother-Poster-f8fe8742081-216x300.jpg 216w\" sizes=\"(max-width: 230px) 100vw, 230px\" \/><\/a><\/p>\n<p><a href=\"https:\/\/ibrahimzateri.com\/tr\/filmler\/shake-it-gastone\/\"><img loading=\"lazy\" class=\"alignright size-full wp-image-65\" src=\"http:\/\/ibrahimzateri.com\/wp-content\/uploads\/2022\/05\/Shake-It-Gastone-Music-Video-Clip-scaled-e1652082923703.jpg\" alt=\"5shake-it-gastone - Poster-e1652082923703\" width=\"230\" height=\"320\" \/><\/a><\/p>\n\n\n<p><\/p>\n\n\n\n<p> <\/p>\n","protected":false},"excerpt":{"rendered":"<p>&#8211; y\u00f6netmen olarak \u00a0 \u2013 ortak yap\u0131mlar; g\u00f6r\u00fcnt\u00fc y\u00f6netmeni vb. olarak.<\/p>\n","protected":false},"author":1,"featured_media":0,"parent":0,"menu_order":0,"comment_status":"closed","ping_status":"closed","template":"","meta":[],"_links":{"self":[{"href":"https:\/\/ibrahimzateri.com\/tr\/wp-json\/wp\/v2\/pages\/29"}],"collection":[{"href":"https:\/\/ibrahimzateri.com\/tr\/wp-json\/wp\/v2\/pages"}],"about":[{"href":"https:\/\/ibrahimzateri.com\/tr\/wp-json\/wp\/v2\/types\/page"}],"author":[{"embeddable":true,"href":"https:\/\/ibrahimzateri.com\/tr\/wp-json\/wp\/v2\/users\/1"}],"replies":[{"embeddable":true,"href":"https:\/\/ibrahimzateri.com\/tr\/wp-json\/wp\/v2\/comments?post=29"}],"version-history":[{"count":43,"href":"https:\/\/ibrahimzateri.com\/tr\/wp-json\/wp\/v2\/pages\/29\/revisions"}],"predecessor-version":[{"id":1067,"href":"https:\/\/ibrahimzateri.com\/tr\/wp-json\/wp\/v2\/pages\/29\/revisions\/1067"}],"wp:attachment":[{"href":"https:\/\/ibrahimzateri.com\/tr\/wp-json\/wp\/v2\/media?parent=29"}],"curies":[{"name":"wp","href":"https:\/\/api.w.org\/{rel}","templated":true}]}}