{"id":23,"date":"2013-06-03T09:17:45","date_gmt":"2013-06-03T06:17:45","guid":{"rendered":"http:\/\/ibrahimzateri.com\/tr\/?page_id=23"},"modified":"2023-10-26T00:36:14","modified_gmt":"2023-10-25T21:36:14","slug":"hakkimda","status":"publish","type":"page","link":"https:\/\/ibrahimzateri.com\/tr\/hakkimda\/","title":{"rendered":"Hakk\u0131nda"},"content":{"rendered":"<p style=\"text-align: right;\"><a href=\"https:\/\/ibrahimzateri.com\/tr\/wp-content\/uploads\/2022\/04\/20191004_132135-scaled.jpeg\" target=\"_blank\"  rel=\"lightbox[23] noopener\"><img loading=\"lazy\" class=\"alignright wp-image-1009\" src=\"https:\/\/ibrahimzateri.com\/tr\/wp-content\/uploads\/2022\/04\/20191004_132135-225x300.jpeg\" alt=\"\" width=\"191\" height=\"255\" srcset=\"https:\/\/ibrahimzateri.com\/tr\/wp-content\/uploads\/2022\/04\/20191004_132135-225x300.jpeg 225w, https:\/\/ibrahimzateri.com\/tr\/wp-content\/uploads\/2022\/04\/20191004_132135-768x1024.jpeg 768w, https:\/\/ibrahimzateri.com\/tr\/wp-content\/uploads\/2022\/04\/20191004_132135-1152x1536.jpeg 1152w, https:\/\/ibrahimzateri.com\/tr\/wp-content\/uploads\/2022\/04\/20191004_132135-1536x2048.jpeg 1536w, https:\/\/ibrahimzateri.com\/tr\/wp-content\/uploads\/2022\/04\/20191004_132135-scaled.jpeg 1920w\" sizes=\"(max-width: 191px) 100vw, 191px\" \/><\/a><\/p>\n<p style=\"text-align: justify;\">\u0130brahim Zateri, Sinema ve Televizyon Anabilim Dal\u0131&#8217;nda doktora derecesine (Ph.D.) sahip olup, akademik personel olarak \u00e7al\u0131\u015fmaktad\u0131r. 2012 y\u0131l\u0131nda Anadolu \u00dcniversitesi (T\u00fcrkiye) \u0130leti\u015fim Bilimleri Fak\u00fcltesi Sinema ve Televizyon B\u00f6l\u00fcm\u00fc ve ayr\u0131ca 2013 y\u0131l\u0131nda \u0130leti\u015fim Tasar\u0131m\u0131 ve Y\u00f6netimi B\u00f6l\u00fcm\u00fc olarak iki lisans derecesine (\u00e7ift anadal) sahiptir. Ayr\u0131ca 2009-2010 y\u0131llar\u0131 aras\u0131nda Erasmus de\u011fi\u015fim program\u0131 kapsam\u0131nda RheinMain Uygulamal\u0131 Bilimler \u00dcniversitesi&#8217;nde (Hochschule RheinMain \/ Fachhochschule Wiesbaden, Almanya) \u00f6\u011frenim g\u00f6rm\u00fc\u015ft\u00fcr.<\/p>\n<p style=\"text-align: justify;\">2019 y\u0131l\u0131nda Anadolu \u00dcniversitesi Sosyal Bilimler Enstit\u00fcs\u00fc Sinema ve Televizyon Anabilim Dal\u0131&#8217;ndan y\u00fcksek lisans derecesi alm\u0131\u015ft\u0131r (tez ba\u015fl\u0131\u011f\u0131: \u201cT\u00fcrk Sinemas\u0131nda Aile \u0130\u00e7i \u0130leti\u015fim: Nuri Bilge Ceylan Sinemas\u0131 \u00d6rne\u011fi\u201d). Zateri, ayn\u0131 enstit\u00fc ve anabilim dal\u0131nda ayr\u0131ca doktora program\u0131n\u0131 tamamlayarak doktor (Ph.D.) \u00fcnvan\u0131n\u0131 &#8220;Sinemada Travma: Onur \u00dcnl\u00fc Sinemas\u0131 \u00d6rne\u011fi&#8221; ba\u015fl\u0131kl\u0131 tezi ile 2023 y\u0131l\u0131nda alm\u0131\u015ft\u0131r. 2014 y\u0131l\u0131nda \u00c7ukurova \u00dcniversitesi&#8217;nde ara\u015ft\u0131rma g\u00f6revlisi olarak ba\u015flad\u0131\u011f\u0131 akademik kariyerine (2018-2023 y\u0131llar\u0131 aras\u0131 Anadolu \u00dcniversitesi) devam etmektedir. \u00c7e\u015fitli film \u00e7al\u0131\u015fmalar\u0131 (belgesel, kurmaca k\u0131sa film, reklam, kamu spotu filmi, vb.) ve yap\u0131m \u00f6d\u00fclleri bulunmaktad\u0131r. Akademik ara\u015ft\u0131rma alanlar\u0131 aras\u0131nda ileti\u015fim, medya ve film \u00e7al\u0131\u015fmalar\u0131 yer almaktad\u0131r.<\/p>\n\n\n<div id=\"attachment_1010\" style=\"width: 642px\" class=\"wp-caption aligncenter\"><a href=\"https:\/\/ibrahimzateri.com\/tr\/wp-content\/uploads\/2022\/04\/DSC0288-scaled.jpeg\" target=\"_blank\"  rel=\"lightbox[23] noopener\"><img aria-describedby=\"caption-attachment-1010\" loading=\"lazy\" class=\"wp-image-1010\" src=\"https:\/\/ibrahimzateri.com\/tr\/wp-content\/uploads\/2022\/04\/DSC0288-300x199.jpeg\" alt=\"\" width=\"632\" height=\"420\" srcset=\"https:\/\/ibrahimzateri.com\/tr\/wp-content\/uploads\/2022\/04\/DSC0288-300x199.jpeg 300w, https:\/\/ibrahimzateri.com\/tr\/wp-content\/uploads\/2022\/04\/DSC0288-1024x680.jpeg 1024w, https:\/\/ibrahimzateri.com\/tr\/wp-content\/uploads\/2022\/04\/DSC0288-768x510.jpeg 768w, https:\/\/ibrahimzateri.com\/tr\/wp-content\/uploads\/2022\/04\/DSC0288-1536x1020.jpeg 1536w, https:\/\/ibrahimzateri.com\/tr\/wp-content\/uploads\/2022\/04\/DSC0288-2048x1360.jpeg 2048w\" sizes=\"(max-width: 632px) 100vw, 632px\" \/><\/a><p id=\"caption-attachment-1010\" class=\"wp-caption-text\">\u0130brahim Zateri, GOU birinci film festivalinin* ilk \u00f6d\u00fcl\u00fcn\u00fc Safa \u00d6nal\u2019dan** al\u0131rken.\u00a0 \u00a0 \u00a0 \u00a0 \u00a0 *Gaziosmanpa\u015fa \u00dcniversitesi 1. Ulusal K\u0131sa Film Festivali 2011, <a href=\"http:\/\/www.tokat.gov.tr\/gaziosmanpasa-niversitesi-1-ulusal-kisa-film-festivali\" target=\"_blank\" rel=\"noopener\">1. En \u0130yi Film<\/a>. (9-10 May\u0131s 2011).\u00a0 (Film Bilgisi: My Divided Soul \/ Meine gespaltene Seele \/ B\u00f6l\u00fcnm\u00fc\u015f Ruhum, 10\u2019:35\u201d, 2010, Almanya). **<a href=\"https:\/\/www.guinnessworldrecords.com\/world-records\/most-prolific-screenwriter\" target=\"_blank\" rel=\"noopener\">Safa \u00d6nal<\/a> (T\u00fcrkiye), senaristlik kariyeri boyunca 1969 \u2013 2004 y\u0131llar\u0131 aras\u0131nda \u00e7ekilen 395 filmin senaryosunu yazm\u0131\u015ft\u0131r.<\/p><\/div>\n\nAyr\u0131ca Zateri, do\u011fa a\u015f\u0131\u011f\u0131 bir insand\u0131r.\n\n<div id=\"attachment_1011\" style=\"width: 644px\" class=\"wp-caption aligncenter\"><a href=\"https:\/\/ibrahimzateri.com\/tr\/wp-content\/uploads\/2022\/04\/IMG_20170923_173436-1-scaled.jpeg\" target=\"_blank\"  rel=\"lightbox[23] noopener\"><img aria-describedby=\"caption-attachment-1011\" loading=\"lazy\" class=\"wp-image-1011\" src=\"https:\/\/ibrahimzateri.com\/tr\/wp-content\/uploads\/2022\/04\/IMG_20170923_173436-1-300x169.jpeg\" alt=\"\" width=\"634\" height=\"357\" srcset=\"https:\/\/ibrahimzateri.com\/tr\/wp-content\/uploads\/2022\/04\/IMG_20170923_173436-1-300x169.jpeg 300w, https:\/\/ibrahimzateri.com\/tr\/wp-content\/uploads\/2022\/04\/IMG_20170923_173436-1-1024x576.jpeg 1024w, https:\/\/ibrahimzateri.com\/tr\/wp-content\/uploads\/2022\/04\/IMG_20170923_173436-1-768x432.jpeg 768w, https:\/\/ibrahimzateri.com\/tr\/wp-content\/uploads\/2022\/04\/IMG_20170923_173436-1-1536x864.jpeg 1536w, https:\/\/ibrahimzateri.com\/tr\/wp-content\/uploads\/2022\/04\/IMG_20170923_173436-1-2048x1152.jpeg 2048w\" sizes=\"(max-width: 634px) 100vw, 634px\" \/><\/a><p id=\"caption-attachment-1011\" class=\"wp-caption-text\">Alada\u011f, Adana, T\u00dcRK\u0130YE, 2017<\/p><\/div>","protected":false},"excerpt":{"rendered":"<p>\u0130brahim Zateri, Sinema ve Televizyon Anabilim Dal\u0131&#8217;nda doktora derecesine (Ph.D.) sahip olup, akademik personel olarak \u00e7al\u0131\u015fmaktad\u0131r. 2012 y\u0131l\u0131nda Anadolu \u00dcniversitesi (T\u00fcrkiye) \u0130leti\u015fim Bilimleri Fak\u00fcltesi Sinema ve Televizyon B\u00f6l\u00fcm\u00fc ve ayr\u0131ca 2013 y\u0131l\u0131nda \u0130leti\u015fim Tasar\u0131m\u0131 ve Y\u00f6netimi B\u00f6l\u00fcm\u00fc olarak iki lisans derecesine (\u00e7ift anadal) sahiptir. Ayr\u0131ca 2009-2010 y\u0131llar\u0131 aras\u0131nda Erasmus de\u011fi\u015fim program\u0131 kapsam\u0131nda RheinMain Uygulamal\u0131 Bilimler [&hellip;]<\/p>\n","protected":false},"author":1,"featured_media":0,"parent":0,"menu_order":0,"comment_status":"closed","ping_status":"closed","template":"","meta":[],"_links":{"self":[{"href":"https:\/\/ibrahimzateri.com\/tr\/wp-json\/wp\/v2\/pages\/23"}],"collection":[{"href":"https:\/\/ibrahimzateri.com\/tr\/wp-json\/wp\/v2\/pages"}],"about":[{"href":"https:\/\/ibrahimzateri.com\/tr\/wp-json\/wp\/v2\/types\/page"}],"author":[{"embeddable":true,"href":"https:\/\/ibrahimzateri.com\/tr\/wp-json\/wp\/v2\/users\/1"}],"replies":[{"embeddable":true,"href":"https:\/\/ibrahimzateri.com\/tr\/wp-json\/wp\/v2\/comments?post=23"}],"version-history":[{"count":20,"href":"https:\/\/ibrahimzateri.com\/tr\/wp-json\/wp\/v2\/pages\/23\/revisions"}],"predecessor-version":[{"id":1018,"href":"https:\/\/ibrahimzateri.com\/tr\/wp-json\/wp\/v2\/pages\/23\/revisions\/1018"}],"wp:attachment":[{"href":"https:\/\/ibrahimzateri.com\/tr\/wp-json\/wp\/v2\/media?parent=23"}],"curies":[{"name":"wp","href":"https:\/\/api.w.org\/{rel}","templated":true}]}}