{"id":226,"date":"2013-06-05T06:37:07","date_gmt":"2013-06-05T03:37:07","guid":{"rendered":"http:\/\/ibrahimzateri.com\/tr\/?page_id=226"},"modified":"2023-10-27T15:50:51","modified_gmt":"2023-10-27T12:50:51","slug":"yasayinca-ogrendik","status":"publish","type":"page","link":"https:\/\/ibrahimzateri.com\/tr\/filmler\/yasayinca-ogrendik\/","title":{"rendered":"Ya\u015fay\u0131nca \u00d6\u011frendik"},"content":{"rendered":"<p style=\"text-align: center;\"><iframe loading=\"lazy\" src=\"http:\/\/player.vimeo.com\/video\/49181731?badge=0\" height=\"350\" width=\"700\" allowfullscreen=\"\" frameborder=\"3\"><\/iframe><\/p>\n<img loading=\"lazy\" class=\"alignleft  wp-image-794\" alt=\"Ya\u015fay\u0131nca \u00d6\u011frendik - Poster\" src=\"http:\/\/ibrahimzateri.com\/tr\/wp-content\/uploads\/2013\/06\/Ya\u015fay\u0131nca-\u00d6\u011frendik-Poster-722x1024.jpg\" width=\"306\" height=\"434\" srcset=\"https:\/\/ibrahimzateri.com\/tr\/wp-content\/uploads\/2013\/06\/Ya\u015fay\u0131nca-\u00d6\u011frendik-Poster-722x1024.jpg 722w, https:\/\/ibrahimzateri.com\/tr\/wp-content\/uploads\/2013\/06\/Ya\u015fay\u0131nca-\u00d6\u011frendik-Poster-211x300.jpg 211w\" sizes=\"(max-width: 306px) 100vw, 306px\" \/>\n\n19\u2019:09\u201d\n\n\n2012\n\n\nBelgesel K\u0131sa Film\n\n\nY\u00f6netmen: \u0130brahim ZATER\u0130\n\n\n\n<b><span style=\"text-decoration: underline;\">Sinopsis<\/span><\/b>\n\n\nDeprem, akabinde zorluklar\u0131 getirir ve \u00e7o\u011fu aile gibi \u201cDiler\u201d ailesi de bu zorluklarla m\u00fccadelelerine koyulurlar. Onlar\u0131n m\u00fccadelesi, hayatta kalma m\u00fccadelesinden de \u00f6te, hayat\u0131n i\u00e7inde var olan deprem gibi olas\u0131 s\u00fcre\u00e7leri ve sonu\u00e7lar\u0131n\u0131 ya\u015fayarak \u00f6\u011frenmektir.\n\n\n\n<strong><span style=\"text-decoration: underline;\">Festivaller ve \u00d6d\u00fcller<\/span><\/strong>\n\n\n(Ya\u015fay\u0131nca \u00d6\u011frendik)\n8. \u00d6zg\u00fcr Film Festivali 2013, Finalist\n\nAnadolu \u00dcniversitesi Uluslararas\u0131 Eski\u015fehir Film Festivali 2012, Festival se\u00e7kisi\n\n\n2. Dikili K\u0131sa Film Festivali 2012, G\u00f6sterim\n\n\n<b>Krediler<\/b>\n\n\nY\u00f6netmen:<b>\u0130brahim ZATER\u0130<\/b>&nbsp; Yard\u0131mc\u0131 Y\u00f6netmen:<b>G\u00f6zde KARADA\u011e<\/b>&nbsp; Senaryo:<b>\u0130brahim ZATER\u0130<\/b>&nbsp; <b>, Ender ERCAN<\/b>&nbsp; G\u00f6r\u00fcnt\u00fc Y\u00f6netmeni:<b>Ender ERCAN<\/b>&nbsp; Kamera:<b>Ender ERCAN, \u0130brahim ZATER\u0130<\/b>&nbsp; I\u015f\u0131k:<b>Ender ERCAN<\/b>&nbsp; Kurgu:<b> \u0130brahim ZATER\u0130<\/b> <b>, Ender ERCAN<\/b>&nbsp; Ses Tasar\u0131m\u0131:<b>Latif KO\u015eU<\/b>&nbsp; M\u00fczik:<b>Cantekin KAFALI<\/b>&nbsp; Set Foto\u011fraflar\u0131:<b>Sefa EM\u0130NO\u011eLU<\/b>&nbsp; Kompozit\u00f6r:<b>Mehmet S\u00dcER<\/b>&nbsp; Grafik tasar\u0131m:<b>Afgan RASULOV<\/b>&nbsp; Yap\u0131mc\u0131:<b>\u0130brahim ZATER\u0130<\/b>&nbsp; \u00c7eviri:<b>Medya KARAKAYA, Muhammed KESK\u0130N, Murat NERG\u0130Z, I\u015f\u0131l \u00dcNAL.<\/b>&nbsp; Oyuncular:<b>Fehmi D\u0130LER, Han\u0131m D\u0130LER, Hicran D\u0130LER, F\u0131rat D\u0130LER, Zana D\u0130LER, Sibel D\u0130LER, Canan D\u0130LER, \u015eahsenem ZORLU.<\/b>\n\n\nTe\u015fekk\u00fcrler:<b>Prof. Dr. E. Nezih ORHON, Do\u00e7. Dr. \u0130ncilay CANG\u00d6Z, Prof. Dr. Nazmi ULUTAK, Ar\u015f. G\u00f6r. Nergiz KARADA\u015e, Sedat YILMAZ, Engin YILDIZ, \u0130brahim SALTAN, Zeki SARICA, Sait KANTARCIO\u011eLU, Nezir ATABEY, Esat SEVERO\u011eLU, Cembeli ARTU\u00c7, Suat ARSLANO\u011eLU, Murat DEM\u0130R.<\/b>\n\n\nAnadolu \u00dcniversitesi\n\n\n\u0130leti\u015fim Bilimleri Fak\u00fcltesi\n\n\nSinema ve Televizyon\n\n\n\u00a9 2012\n<h3><em><strong>Kamera arkas\u0131; Foto\u011fraflar <\/strong><\/em><\/h3>\n<div id=\"royalslider-1\" class=\"royalSlider minimal\" style=\"width:700px; height:400px;\"><ul class=\"royalSlidesContainer\"><li class=\"royalSlide\" data-src=\"http:\/\/ibrahimzateri.com\/tr\/wp-content\/uploads\/2013\/06\/We-Learned-by-Experiencing-12.jpg\" data-thumb=\"http:\/\/ibrahimzateri.com\/tr\/wp-content\/uploads\/2013\/06\/We-Learned-by-Experiencing-12-150x150.jpg\"><\/li><li class=\"royalSlide\" data-src=\"http:\/\/ibrahimzateri.com\/tr\/wp-content\/uploads\/2013\/06\/We-Learned-by-Experiencing-22.jpg\" data-thumb=\"http:\/\/ibrahimzateri.com\/tr\/wp-content\/uploads\/2013\/06\/We-Learned-by-Experiencing-22-150x150.jpg\"><\/li><li class=\"royalSlide\" data-src=\"http:\/\/ibrahimzateri.com\/tr\/wp-content\/uploads\/2013\/06\/We-Learned-by-Experiencing-32.jpg\" data-thumb=\"http:\/\/ibrahimzateri.com\/tr\/wp-content\/uploads\/2013\/06\/We-Learned-by-Experiencing-32-150x150.jpg\"><\/li><li class=\"royalSlide\" data-src=\"http:\/\/ibrahimzateri.com\/tr\/wp-content\/uploads\/2013\/06\/We-Learned-by-Experiencing-42.jpg\" data-thumb=\"http:\/\/ibrahimzateri.com\/tr\/wp-content\/uploads\/2013\/06\/We-Learned-by-Experiencing-42-150x150.jpg\"><\/li><li class=\"royalSlide\" data-src=\"http:\/\/ibrahimzateri.com\/tr\/wp-content\/uploads\/2013\/06\/We-Learned-by-Experiencing-52.jpg\" data-thumb=\"http:\/\/ibrahimzateri.com\/tr\/wp-content\/uploads\/2013\/06\/We-Learned-by-Experiencing-52-150x150.jpg\"><\/li><li class=\"royalSlide\" data-src=\"http:\/\/ibrahimzateri.com\/tr\/wp-content\/uploads\/2013\/06\/We-Learned-by-Experiencing-62.jpg\" data-thumb=\"http:\/\/ibrahimzateri.com\/tr\/wp-content\/uploads\/2013\/06\/We-Learned-by-Experiencing-62-150x150.jpg\"><\/li><li class=\"royalSlide\" data-src=\"http:\/\/ibrahimzateri.com\/tr\/wp-content\/uploads\/2013\/06\/We-Learned-by-Experiencing-72.jpg\" data-thumb=\"http:\/\/ibrahimzateri.com\/tr\/wp-content\/uploads\/2013\/06\/We-Learned-by-Experiencing-72-150x150.jpg\"><\/li><li class=\"royalSlide\" data-src=\"http:\/\/ibrahimzateri.com\/tr\/wp-content\/uploads\/2013\/06\/We-Learned-by-Experiencing-82.jpg\" data-thumb=\"http:\/\/ibrahimzateri.com\/tr\/wp-content\/uploads\/2013\/06\/We-Learned-by-Experiencing-82-150x150.jpg\"><\/li><li class=\"royalSlide\" data-src=\"http:\/\/ibrahimzateri.com\/tr\/wp-content\/uploads\/2013\/06\/We-Learned-by-Experiencing-92.jpg\" data-thumb=\"http:\/\/ibrahimzateri.com\/tr\/wp-content\/uploads\/2013\/06\/We-Learned-by-Experiencing-92-150x150.jpg\"><\/li><li class=\"royalSlide\" data-src=\"http:\/\/ibrahimzateri.com\/tr\/wp-content\/uploads\/2013\/06\/We-Learned-by-Experiencing-102.jpg\" data-thumb=\"http:\/\/ibrahimzateri.com\/tr\/wp-content\/uploads\/2013\/06\/We-Learned-by-Experiencing-102-150x150.jpg\"><\/li><\/ul><\/div><script type=\"text\/javascript\">jQuery(document).ready(function() {jQuery(\"#royalslider-1\").royalSlider({\"width\":700,\"height\":400,\"skin\":\"minimal\",\"preloadSkin\":false,\"lazyLoading\":true,\"preloadNearbyImages\":true,\"slideshowEnabled\":false,\"slideshowDelay\":5000,\"slideshowPauseOnHover\":true,\"slideshowAutoStart\":true,\"keyboardNavEnabled\":false,\"dragUsingMouse\":true,\"slideSpacing\":0,\"startSlideIndex\":0,\"imageAlignCenter\":true,\"imageScaleMode\":\"fill\",\"slideTransitionType\":\"move\",\"slideTransitionSpeed\":400,\"slideTransitionEasing\":\"easeInOutCirc\",\"directionNavEnabled\":true,\"directionNavAutoHide\":true,\"hideArrowOnLastSlide\":true,\"controlNavigationType\":\"thumbnails\",\"auto-generate-images\":false,\"auto-generate-thumbs\":true,\"thumb-width\":150,\"thumb-height\":150,\"captionAnimationEnabled\":true,\"captionShowFadeEffect\":true,\"captionShowMoveEffect\":\"movetop\",\"captionMoveOffset\":20,\"captionShowSpeed\":400,\"captionShowEasing\":\"easeOutSine\",\"captionShowDelay\":200,\"controlNavEnabled\":true,\"controlNavThumbs\":true,\"controlNavThumbsNavigation\":true,\"captionShowEffects\":[\"fade\",\"movetop\"]});});<\/script>","protected":false},"excerpt":{"rendered":"<p>19\u2019:09\u201d 2012 Belgesel K\u0131sa Film Y\u00f6netmen: \u0130brahim ZATER\u0130 Sinopsis Deprem, akabinde zorluklar\u0131 getirir ve \u00e7o\u011fu aile gibi \u201cDiler\u201d ailesi de bu zorluklarla m\u00fccadelelerine koyulurlar. Onlar\u0131n m\u00fccadelesi, hayatta kalma m\u00fccadelesinden de \u00f6te, hayat\u0131n i\u00e7inde var olan deprem gibi olas\u0131 s\u00fcre\u00e7leri ve sonu\u00e7lar\u0131n\u0131 ya\u015fayarak \u00f6\u011frenmektir. Festivaller ve \u00d6d\u00fcller (Ya\u015fay\u0131nca \u00d6\u011frendik) 8. \u00d6zg\u00fcr Film Festivali 2013, Finalist Anadolu [&hellip;]<\/p>\n","protected":false},"author":1,"featured_media":0,"parent":29,"menu_order":-3,"comment_status":"closed","ping_status":"open","template":"","meta":[],"_links":{"self":[{"href":"https:\/\/ibrahimzateri.com\/tr\/wp-json\/wp\/v2\/pages\/226"}],"collection":[{"href":"https:\/\/ibrahimzateri.com\/tr\/wp-json\/wp\/v2\/pages"}],"about":[{"href":"https:\/\/ibrahimzateri.com\/tr\/wp-json\/wp\/v2\/types\/page"}],"author":[{"embeddable":true,"href":"https:\/\/ibrahimzateri.com\/tr\/wp-json\/wp\/v2\/users\/1"}],"replies":[{"embeddable":true,"href":"https:\/\/ibrahimzateri.com\/tr\/wp-json\/wp\/v2\/comments?post=226"}],"version-history":[{"count":14,"href":"https:\/\/ibrahimzateri.com\/tr\/wp-json\/wp\/v2\/pages\/226\/revisions"}],"predecessor-version":[{"id":1072,"href":"https:\/\/ibrahimzateri.com\/tr\/wp-json\/wp\/v2\/pages\/226\/revisions\/1072"}],"up":[{"embeddable":true,"href":"https:\/\/ibrahimzateri.com\/tr\/wp-json\/wp\/v2\/pages\/29"}],"wp:attachment":[{"href":"https:\/\/ibrahimzateri.com\/tr\/wp-json\/wp\/v2\/media?parent=226"}],"curies":[{"name":"wp","href":"https:\/\/api.w.org\/{rel}","templated":true}]}}