{"id":221,"date":"2013-06-05T06:34:21","date_gmt":"2013-06-05T03:34:21","guid":{"rendered":"http:\/\/ibrahimzateri.com\/tr\/?page_id=221"},"modified":"2023-10-27T15:50:21","modified_gmt":"2023-10-27T12:50:21","slug":"anahtar","status":"publish","type":"page","link":"https:\/\/ibrahimzateri.com\/tr\/filmler\/anahtar\/","title":{"rendered":"Anahtar"},"content":{"rendered":"<p style=\"text-align: center;\"><iframe loading=\"lazy\" src=\"http:\/\/player.vimeo.com\/video\/43675799?badge=0\" height=\"300\" width=\"700\" allowfullscreen=\"\" frameborder=\"3\"><\/iframe><\/p>\n<img loading=\"lazy\" class=\"alignleft  wp-image-797\" alt=\"Anahtar - Poster\" src=\"http:\/\/ibrahimzateri.com\/tr\/wp-content\/uploads\/2013\/06\/Anahtar-Poster-722x1024.jpg\" width=\"303\" height=\"430\" srcset=\"https:\/\/ibrahimzateri.com\/tr\/wp-content\/uploads\/2013\/06\/Anahtar-Poster-722x1024.jpg 722w, https:\/\/ibrahimzateri.com\/tr\/wp-content\/uploads\/2013\/06\/Anahtar-Poster-211x300.jpg 211w\" sizes=\"(max-width: 303px) 100vw, 303px\" \/>\n1&#8242;:40&#8243;\n\n2012\n\nKamu Spotu\nY\u00f6netmen: \u0130brahim ZATER\u0130\n\n\n\n<b>Sinopsis:<\/b>\n\n\n\u201cNereye giderim diye d\u00fc\u015f\u00fcnmesin, bir anahtar\u0131m\u0131z da onda olsun!\u201d Slogan\u0131 ile kad\u0131n\u0131n toplumdaki konumu \u00fczerine yap\u0131lm\u0131\u015f bir kamu spotudur. \u201cGelinlikle baba evinden \u00e7\u0131k\u0131p kefenle geri d\u00f6nme anlay\u0131\u015f\u0131\u201dn\u0131n kad\u0131nlar \u00fczerinde getirdi\u011fi \u00e7aresizlik hakimdir. \u015eiddet ve benzeri durumlarla kar\u015f\u0131la\u015fan kad\u0131nlara&nbsp; aileler her zaman bir a\u00e7\u0131k kap\u0131 b\u0131rakmal\u0131d\u0131r.\n\n\n\n<b>Krediler<\/b>\n\n\nY\u00f6netmen:<b>\u0130brahim ZATER\u0130&nbsp; <\/b>G\u00f6r\u00fcnt\u00fc Y\u00f6netmeni:<b>Ender ERCAN&nbsp; <\/b>Kamera:<b>Ender ERCAN, \u0130brahim ZATER\u0130&nbsp; <\/b>\u00d6yk\u00fc:<b>\u0130zzettin ENC\u00dc<\/b><b>&nbsp; <\/b>Senaryo:<b>Yard. Do\u00e7. Dr. Gizem U\u011eURLU <\/b><b>&nbsp;<\/b>Sanat Y\u00f6netmeni:<b>G\u00f6zde KARADA\u011e<\/b><b>&nbsp; <\/b>Ses Tasar\u0131m\u0131:<b>Latif KO\u015eU&nbsp; <\/b>Seslendirme:<b>Kadir KISA&nbsp; <\/b>I\u015f\u0131k<b>:<\/b><b>O\u011fuzcan DEM\u0130RC\u0130<\/b><b>&nbsp; <\/b>Kurgu<b>:\u0130brahim ZATER\u0130, Ender ERCAN&nbsp; <\/b>Yap\u0131m Sorumlusu<b>:<\/b><b>Do\u00e7. Dr. \u0130ncilay CANG\u00d6Z<\/b><b>&nbsp; <\/b>Oyuncular<b>:<\/b><b>Hande \u00c7EV\u0130K, Mustafa \u00c7AVU\u015e, Bayram G\u00d6\u00c7MEN, Kifayet Tu\u011fba BAYRAKTAR, Bahriye ARIKAN, Nedime KARTAL, Kemal KARAKAYA, Ekin Can ALICI, Burcu SARI, Nihat Y\u0130\u011e\u0130T, Elvin SOY\u0130\u00c7, Erol SARI.<\/b><b>&nbsp; <\/b>Te\u015fekk\u00fcrler<b>:<\/b><b>Prof. Dr. E. Nezih ORHON, Yrd. Do\u00e7. Dr. Gizem U\u011eURLU, Do\u00e7. Dr. H. Sel\u00e7uk KIRAY, Ar\u015f. G\u00f6r. Emrah G\u00dcLMEZ.<\/b>\n\n\nBu film\n\n\nU.S. SECRETARY OF STATE\u2019S OFFICE OF GLOBAL WOMEN\u2019S ISSUES\u2019 (S\/GWI)\n\n\nTHE AVON AWARD FOR THE ELIMINATION OF GENDER BASED VIOLENCE deste\u011fiyle \u00e7ekilmi\u015ftir.\n\n\nPublic Affairs Embassy of the United States of Amerika\n\n\nAKAUM\n\n\nAnadolu \u00dcniversitesi\n\n\n\u0130leti\u015fim Bilimleri Fak\u00fcltesi\n\n\n\u00a9 2012\n<h3><em><strong>Kamera arkas\u0131; Foto\u011fraflar <\/strong><\/em><\/h3>\n<div id=\"royalslider-2\" class=\"royalSlider minimal\" style=\"width:700px; height:400px;\"><ul class=\"royalSlidesContainer\"><li class=\"royalSlide\" data-src=\"http:\/\/ibrahimzateri.com\/tr\/wp-content\/plugins\/royalslider\/timthumb\/timthumb.php?src=http:\/\/ibrahimzateri.com\/tr\/wp-content\/uploads\/2013\/06\/2.jpg&amp;w=700&amp;h=400&amp;q=100\" data-thumb=\"http:\/\/ibrahimzateri.com\/tr\/wp-content\/plugins\/royalslider\/timthumb\/timthumb.php?src=http:\/\/ibrahimzateri.com\/tr\/wp-content\/uploads\/2013\/06\/2.jpg&amp;w=150&amp;h=150&amp;q=100\"><\/li><li class=\"royalSlide\" data-src=\"http:\/\/ibrahimzateri.com\/tr\/wp-content\/plugins\/royalslider\/timthumb\/timthumb.php?src=http:\/\/ibrahimzateri.com\/tr\/wp-content\/uploads\/2013\/06\/3.jpg&amp;w=700&amp;h=400&amp;q=100\" data-thumb=\"http:\/\/ibrahimzateri.com\/tr\/wp-content\/plugins\/royalslider\/timthumb\/timthumb.php?src=http:\/\/ibrahimzateri.com\/tr\/wp-content\/uploads\/2013\/06\/3.jpg&amp;w=150&amp;h=150&amp;q=100\"><\/li><li class=\"royalSlide\" data-src=\"http:\/\/ibrahimzateri.com\/tr\/wp-content\/plugins\/royalslider\/timthumb\/timthumb.php?src=http:\/\/ibrahimzateri.com\/tr\/wp-content\/uploads\/2013\/06\/4.jpg&amp;w=700&amp;h=400&amp;q=100\" data-thumb=\"http:\/\/ibrahimzateri.com\/tr\/wp-content\/plugins\/royalslider\/timthumb\/timthumb.php?src=http:\/\/ibrahimzateri.com\/tr\/wp-content\/uploads\/2013\/06\/4.jpg&amp;w=150&amp;h=150&amp;q=100\"><\/li><li class=\"royalSlide\" data-src=\"http:\/\/ibrahimzateri.com\/tr\/wp-content\/plugins\/royalslider\/timthumb\/timthumb.php?src=http:\/\/ibrahimzateri.com\/tr\/wp-content\/uploads\/2013\/06\/5.jpg&amp;w=700&amp;h=400&amp;q=100\" data-thumb=\"http:\/\/ibrahimzateri.com\/tr\/wp-content\/plugins\/royalslider\/timthumb\/timthumb.php?src=http:\/\/ibrahimzateri.com\/tr\/wp-content\/uploads\/2013\/06\/5.jpg&amp;w=150&amp;h=150&amp;q=100\"><\/li><li class=\"royalSlide\" data-src=\"http:\/\/ibrahimzateri.com\/tr\/wp-content\/plugins\/royalslider\/timthumb\/timthumb.php?src=http:\/\/ibrahimzateri.com\/tr\/wp-content\/uploads\/2013\/06\/6.jpg&amp;w=700&amp;h=400&amp;q=100\" data-thumb=\"http:\/\/ibrahimzateri.com\/tr\/wp-content\/plugins\/royalslider\/timthumb\/timthumb.php?src=http:\/\/ibrahimzateri.com\/tr\/wp-content\/uploads\/2013\/06\/6.jpg&amp;w=150&amp;h=150&amp;q=100\"><\/li><li class=\"royalSlide\" data-src=\"http:\/\/ibrahimzateri.com\/tr\/wp-content\/plugins\/royalslider\/timthumb\/timthumb.php?src=http:\/\/ibrahimzateri.com\/tr\/wp-content\/uploads\/2013\/06\/7.jpg&amp;w=700&amp;h=400&amp;q=100\" data-thumb=\"http:\/\/ibrahimzateri.com\/tr\/wp-content\/plugins\/royalslider\/timthumb\/timthumb.php?src=http:\/\/ibrahimzateri.com\/tr\/wp-content\/uploads\/2013\/06\/7.jpg&amp;w=150&amp;h=150&amp;q=100\"><\/li><li class=\"royalSlide\" data-src=\"http:\/\/ibrahimzateri.com\/tr\/wp-content\/plugins\/royalslider\/timthumb\/timthumb.php?src=http:\/\/ibrahimzateri.com\/tr\/wp-content\/uploads\/2013\/06\/8.jpg&amp;w=700&amp;h=400&amp;q=100\" data-thumb=\"http:\/\/ibrahimzateri.com\/tr\/wp-content\/plugins\/royalslider\/timthumb\/timthumb.php?src=http:\/\/ibrahimzateri.com\/tr\/wp-content\/uploads\/2013\/06\/8.jpg&amp;w=150&amp;h=150&amp;q=100\"><\/li><li class=\"royalSlide\" data-src=\"http:\/\/ibrahimzateri.com\/tr\/wp-content\/plugins\/royalslider\/timthumb\/timthumb.php?src=http:\/\/ibrahimzateri.com\/tr\/wp-content\/uploads\/2013\/06\/9.jpg&amp;w=700&amp;h=400&amp;q=100\" data-thumb=\"http:\/\/ibrahimzateri.com\/tr\/wp-content\/plugins\/royalslider\/timthumb\/timthumb.php?src=http:\/\/ibrahimzateri.com\/tr\/wp-content\/uploads\/2013\/06\/9.jpg&amp;w=150&amp;h=150&amp;q=100\"><\/li><li class=\"royalSlide\" data-src=\"http:\/\/ibrahimzateri.com\/tr\/wp-content\/plugins\/royalslider\/timthumb\/timthumb.php?src=http:\/\/ibrahimzateri.com\/tr\/wp-content\/uploads\/2013\/06\/10.jpg&amp;w=700&amp;h=400&amp;q=100\" data-thumb=\"http:\/\/ibrahimzateri.com\/tr\/wp-content\/plugins\/royalslider\/timthumb\/timthumb.php?src=http:\/\/ibrahimzateri.com\/tr\/wp-content\/uploads\/2013\/06\/10.jpg&amp;w=150&amp;h=150&amp;q=100\"><\/li><li class=\"royalSlide\" data-src=\"http:\/\/ibrahimzateri.com\/tr\/wp-content\/plugins\/royalslider\/timthumb\/timthumb.php?src=http:\/\/ibrahimzateri.com\/tr\/wp-content\/uploads\/2013\/06\/11.jpg&amp;w=700&amp;h=400&amp;q=100\" data-thumb=\"http:\/\/ibrahimzateri.com\/tr\/wp-content\/plugins\/royalslider\/timthumb\/timthumb.php?src=http:\/\/ibrahimzateri.com\/tr\/wp-content\/uploads\/2013\/06\/11.jpg&amp;w=150&amp;h=150&amp;q=100\"><\/li><\/ul><\/div><script type=\"text\/javascript\">jQuery(document).ready(function() {jQuery(\"#royalslider-2\").royalSlider({\"width\":700,\"height\":400,\"skin\":\"minimal\",\"preloadSkin\":false,\"lazyLoading\":true,\"preloadNearbyImages\":true,\"slideshowEnabled\":false,\"slideshowDelay\":5000,\"slideshowPauseOnHover\":true,\"slideshowAutoStart\":true,\"keyboardNavEnabled\":false,\"dragUsingMouse\":true,\"slideSpacing\":0,\"startSlideIndex\":0,\"imageAlignCenter\":false,\"imageScaleMode\":\"fill\",\"slideTransitionType\":\"move\",\"slideTransitionSpeed\":400,\"slideTransitionEasing\":\"easeInOutSine\",\"directionNavEnabled\":true,\"directionNavAutoHide\":false,\"hideArrowOnLastSlide\":true,\"controlNavigationType\":\"thumbnails\",\"auto-generate-images\":true,\"auto-generate-thumbs\":true,\"thumb-width\":150,\"thumb-height\":150,\"captionAnimationEnabled\":true,\"captionShowFadeEffect\":true,\"captionShowMoveEffect\":\"movetop\",\"captionMoveOffset\":20,\"captionShowSpeed\":400,\"captionShowEasing\":\"easeInOutSine\",\"captionShowDelay\":200,\"controlNavEnabled\":true,\"controlNavThumbs\":true,\"controlNavThumbsNavigation\":true,\"captionShowEffects\":[\"fade\",\"movetop\"]});});<\/script>","protected":false},"excerpt":{"rendered":"<p>1&#8242;:40&#8243; 2012 Kamu Spotu Y\u00f6netmen: \u0130brahim ZATER\u0130 Sinopsis: \u201cNereye giderim diye d\u00fc\u015f\u00fcnmesin, bir anahtar\u0131m\u0131z da onda olsun!\u201d Slogan\u0131 ile kad\u0131n\u0131n toplumdaki konumu \u00fczerine yap\u0131lm\u0131\u015f bir kamu spotudur. \u201cGelinlikle baba evinden \u00e7\u0131k\u0131p kefenle geri d\u00f6nme anlay\u0131\u015f\u0131\u201dn\u0131n kad\u0131nlar \u00fczerinde getirdi\u011fi \u00e7aresizlik hakimdir. \u015eiddet ve benzeri durumlarla kar\u015f\u0131la\u015fan kad\u0131nlara&nbsp; aileler her zaman bir a\u00e7\u0131k kap\u0131 b\u0131rakmal\u0131d\u0131r. Krediler Y\u00f6netmen:\u0130brahim [&hellip;]<\/p>\n","protected":false},"author":1,"featured_media":0,"parent":29,"menu_order":-2,"comment_status":"closed","ping_status":"open","template":"","meta":[],"_links":{"self":[{"href":"https:\/\/ibrahimzateri.com\/tr\/wp-json\/wp\/v2\/pages\/221"}],"collection":[{"href":"https:\/\/ibrahimzateri.com\/tr\/wp-json\/wp\/v2\/pages"}],"about":[{"href":"https:\/\/ibrahimzateri.com\/tr\/wp-json\/wp\/v2\/types\/page"}],"author":[{"embeddable":true,"href":"https:\/\/ibrahimzateri.com\/tr\/wp-json\/wp\/v2\/users\/1"}],"replies":[{"embeddable":true,"href":"https:\/\/ibrahimzateri.com\/tr\/wp-json\/wp\/v2\/comments?post=221"}],"version-history":[{"count":13,"href":"https:\/\/ibrahimzateri.com\/tr\/wp-json\/wp\/v2\/pages\/221\/revisions"}],"predecessor-version":[{"id":1071,"href":"https:\/\/ibrahimzateri.com\/tr\/wp-json\/wp\/v2\/pages\/221\/revisions\/1071"}],"up":[{"embeddable":true,"href":"https:\/\/ibrahimzateri.com\/tr\/wp-json\/wp\/v2\/pages\/29"}],"wp:attachment":[{"href":"https:\/\/ibrahimzateri.com\/tr\/wp-json\/wp\/v2\/media?parent=221"}],"curies":[{"name":"wp","href":"https:\/\/api.w.org\/{rel}","templated":true}]}}