{"id":1034,"date":"2023-10-26T13:50:23","date_gmt":"2023-10-26T10:50:23","guid":{"rendered":"https:\/\/ibrahimzateri.com\/tr\/?page_id=1034"},"modified":"2023-10-27T15:55:18","modified_gmt":"2023-10-27T12:55:18","slug":"shake-it-gastone","status":"publish","type":"page","link":"https:\/\/ibrahimzateri.com\/tr\/filmler\/shake-it-gastone\/","title":{"rendered":"Shake It &#8211; Gastone"},"content":{"rendered":"\n<figure class=\"wp-block-embed is-type-video is-provider-vimeo wp-block-embed-vimeo wp-embed-aspect-16-9 wp-has-aspect-ratio\"><div class=\"wp-block-embed__wrapper\">\n<iframe loading=\"lazy\" title=\"Shake It - Gastone (Music Video Clip)\" src=\"https:\/\/player.vimeo.com\/video\/706609376?dnt=1&amp;app_id=122963\" width=\"500\" height=\"281\" frameborder=\"0\" allow=\"autoplay; fullscreen; picture-in-picture\"><\/iframe>\n<\/div><\/figure>\n\n\n\n<p><strong>Shake It &#8211; Gastone (Music Video Clip)<\/strong><\/p>\n\n\n\n<p>Photographed &amp; directed Caspar Arnhold <br>Camera &amp; Light Assistance &#8211; Ibrahim Zateri<br>Hair &amp; Make up &#8211; Alin Yapici<br>Editing &#8211; Caspar Arnhold<br>Color Grading &#8211; Thomas Maier @ Magna Mana<br>Postproduction &#8211; Magna Mana Production<br>Idea &amp; Concept by Giuseppe Porello &amp; Caspar Arnhold<br>Clubbesitzer &#8211; Richard Van Weyden<br>T\u00e4nzerin 1 &#8211; Marianne Krampitz<br>T\u00e4nzerin 2 &#8211; Leider unbekannt!!<br>Drums &#8211; Stefan Bender<br>Bass &#8211; Diego Iriarte<br>Gitarren- Tomek Witiak<br>Trompete &#8211; Jason Schneider<br>Percussion &#8211; Uwe Grohn<br>Piano &#8211; Marc Inti M\u00e4nnel<br>Posaune &#8211; Ersan Kenanov<br>Gesang &#8211; Giuseppe (Gastone) Porrello<br>G\u00e4ste:<br>D&#8217;George Klivinyi<br>Francesco Cannizzaro<br>Pierre Debs<br>Cherno Berry<br>Tim Dollmann<br>Stefan Br\u00e4hler<br>Kai Merkel<br>Ersan Kenanov<br>Salvatore Pediglieri<br>Special Thanks:<br>Rosa Thielmann<br>Tim Dollmann<br>T\u00e4nzerin ohne Name<br>Pik Dame Teamv<\/p>\n","protected":false},"excerpt":{"rendered":"<p>Shake It &#8211; Gastone (Music Video Clip) Photographed &amp; directed Caspar Arnhold Camera &amp; Light Assistance &#8211; Ibrahim ZateriHair &amp; Make up &#8211; Alin YapiciEditing &#8211; Caspar ArnholdColor Grading &#8211; Thomas Maier @ Magna ManaPostproduction &#8211; Magna Mana ProductionIdea &amp; Concept by Giuseppe Porello &amp; Caspar ArnholdClubbesitzer &#8211; Richard Van WeydenT\u00e4nzerin 1 &#8211; Marianne KrampitzT\u00e4nzerin [&hellip;]<\/p>\n","protected":false},"author":1,"featured_media":0,"parent":29,"menu_order":-8,"comment_status":"closed","ping_status":"closed","template":"","meta":[],"_links":{"self":[{"href":"https:\/\/ibrahimzateri.com\/tr\/wp-json\/wp\/v2\/pages\/1034"}],"collection":[{"href":"https:\/\/ibrahimzateri.com\/tr\/wp-json\/wp\/v2\/pages"}],"about":[{"href":"https:\/\/ibrahimzateri.com\/tr\/wp-json\/wp\/v2\/types\/page"}],"author":[{"embeddable":true,"href":"https:\/\/ibrahimzateri.com\/tr\/wp-json\/wp\/v2\/users\/1"}],"replies":[{"embeddable":true,"href":"https:\/\/ibrahimzateri.com\/tr\/wp-json\/wp\/v2\/comments?post=1034"}],"version-history":[{"count":5,"href":"https:\/\/ibrahimzateri.com\/tr\/wp-json\/wp\/v2\/pages\/1034\/revisions"}],"predecessor-version":[{"id":1069,"href":"https:\/\/ibrahimzateri.com\/tr\/wp-json\/wp\/v2\/pages\/1034\/revisions\/1069"}],"up":[{"embeddable":true,"href":"https:\/\/ibrahimzateri.com\/tr\/wp-json\/wp\/v2\/pages\/29"}],"wp:attachment":[{"href":"https:\/\/ibrahimzateri.com\/tr\/wp-json\/wp\/v2\/media?parent=1034"}],"curies":[{"name":"wp","href":"https:\/\/api.w.org\/{rel}","templated":true}]}}